{"id":1136,"date":"2017-03-18T22:16:24","date_gmt":"2017-03-18T21:16:24","guid":{"rendered":"http:\/\/serwer1646903.home.pl\/lo1\/?page_id=1136"},"modified":"2019-11-06T15:30:59","modified_gmt":"2019-11-06T14:30:59","slug":"katalog","status":"publish","type":"page","link":"https:\/\/lo1.szczecin.pl\/index.php\/biblioteka-szkolna\/katalog\/","title":{"rendered":"Katalog"},"content":{"rendered":"\n<p>Drodzy czytelnicy\u203c\ufe0f<br> Macie ju\u017c mo\u017cliwo\u015b\u0107 przegl\u0105dania naszego katalogu on line pod adresem: <br> \ud83d\udccc<a rel=\"noreferrer noopener\" href=\"https:\/\/l.facebook.com\/l.php?u=https%3A%2F%2Fm002151.molnet.mol.pl%2F%3Ffbclid%3DIwAR3QDhCHWmiBRPNnkYzUIQZtGIzy12F9zNb8ys4WmjfGtoKKg0-AuxHFP8k&amp;h=AT0CxCedKL858ZNhpZBzShm-UWDlb-gqu76Xb0n8_1Zl24FaUOYHxYQ68rI63bFhGT3PtZqWvSFpfZpQcg8BaQ_08R8A1WN5TQSAxNtTrwXaPSMuhTGNat53naJQrLvS9pu7HVgFmBAuOSBI-vXqKaDxUaj_O426n6ElK7ycKApImpMd7R-PQYH_VOhB6acWvhOKwol30vSi2zWjdjoRNYkAz9keLfDFcDBGMUbh7qWklIk9A4dbzQjujAi6KUFapefBSvSOtpnuMIMKdPFjpYaU_v2nsmLgMBlioVzVEMlFZ7sgO6EJ63EU-_pqoCcExiLMiniusFuELs9HtIutSqXNuvJJ7oOiKii2Fbgau9VzbAtsWMg9XkHF9WK4X6JReAiELpCXlZIJ_mEku_wZySsfPEM8QvUxkJlptnmelEnpBxw2nf7ODa7QgUnUIGK29dX35KgXFTqlirCD-Y1r5vVg1PbBhqA7trRNKzBjoXX1uutp0tjW6bRTrO-KxUQIRpvUE1RMKVVLymRFtKgiswA9K3oq504jT_S57fPz1lEILDqmyAnmmt8FGNftUZR9Qka32fYFKKEKuNl1C8ANlAH-qAiWkve1X7aCqrHgk9qcWm5mB44SIXh09yV2-8trM4uYoQ\" target=\"_blank\">https:\/\/m002151.molnet.mol.pl\/<\/a>. <br>  Po wpisaniu do systemu wszystkich waszych adres\u00f3w mejlowych b\u0119dziecie  otrzymywali powiadomienia o zad\u0142u\u017ceniach oraz zyskacie mo\u017cliwo\u015b\u0107  rezerwacji wybranej ksi\u0105\u017cki. <\/p>\n","protected":false},"excerpt":{"rendered":"<p>Drodzy czytelnicy\u203c\ufe0f Macie ju\u017c mo\u017cliwo\u015b\u0107 przegl\u0105dania naszego katalogu on line pod adresem: \ud83d\udccchttps:\/\/m002151.molnet.mol.pl\/. Po wpisaniu do systemu wszystkich waszych adres\u00f3w mejlowych b\u0119dziecie otrzymywali powiadomienia o zad\u0142u\u017ceniach oraz zyskacie mo\u017cliwo\u015b\u0107 rezerwacji wybranej ksi\u0105\u017cki.<\/p>\n","protected":false},"author":1,"featured_media":0,"parent":836,"menu_order":1,"comment_status":"closed","ping_status":"closed","template":"","meta":{"footnotes":""},"class_list":["post-1136","page","type-page","status-publish","hentry"],"_links":{"self":[{"href":"https:\/\/lo1.szczecin.pl\/index.php\/wp-json\/wp\/v2\/pages\/1136","targetHints":{"allow":["GET"]}}],"collection":[{"href":"https:\/\/lo1.szczecin.pl\/index.php\/wp-json\/wp\/v2\/pages"}],"about":[{"href":"https:\/\/lo1.szczecin.pl\/index.php\/wp-json\/wp\/v2\/types\/page"}],"author":[{"embeddable":true,"href":"https:\/\/lo1.szczecin.pl\/index.php\/wp-json\/wp\/v2\/users\/1"}],"replies":[{"embeddable":true,"href":"https:\/\/lo1.szczecin.pl\/index.php\/wp-json\/wp\/v2\/comments?post=1136"}],"version-history":[{"count":2,"href":"https:\/\/lo1.szczecin.pl\/index.php\/wp-json\/wp\/v2\/pages\/1136\/revisions"}],"predecessor-version":[{"id":3242,"href":"https:\/\/lo1.szczecin.pl\/index.php\/wp-json\/wp\/v2\/pages\/1136\/revisions\/3242"}],"up":[{"embeddable":true,"href":"https:\/\/lo1.szczecin.pl\/index.php\/wp-json\/wp\/v2\/pages\/836"}],"wp:attachment":[{"href":"https:\/\/lo1.szczecin.pl\/index.php\/wp-json\/wp\/v2\/media?parent=1136"}],"curies":[{"name":"wp","href":"https:\/\/api.w.org\/{rel}","templated":true}]}}