{"id":1139,"date":"2017-03-18T22:18:09","date_gmt":"2017-03-18T21:18:09","guid":{"rendered":"http:\/\/serwer1646903.home.pl\/lo1\/?page_id=1139"},"modified":"2017-04-09T22:00:19","modified_gmt":"2017-04-09T20:00:19","slug":"regulamin","status":"publish","type":"page","link":"https:\/\/lo1.szczecin.pl\/index.php\/biblioteka-szkolna\/regulamin\/","title":{"rendered":"Regulamin"},"content":{"rendered":"<h3 style=\"text-align: center;\"><span style=\"color: #333399;\"><span style=\"font-family: Arial,serif;\"><span style=\"font-size: large;\"><b>BIBLIOTEKI SZKOLNEJ<br \/>\nI LICEUM OG\u00d3LNOKSZTA\u0141C\u0104CEGO<br \/>\nim. Marii Sk\u0142odowskiej-Curie w Szczecinie<\/b><\/span><\/span><\/span><\/h3>\n<p><span style=\"color: #2f2f2f;\"><span style=\"font-family: Times New Roman,serif;\"><span style=\"font-size: medium;\"><b>I. Postanowienia og\u00f3lne<\/b><\/span><\/span><\/span><\/p>\n<p><span style=\"color: #2f2f2f;\"><span style=\"font-family: Times New Roman,serif;\"><span style=\"font-size: medium;\"><b>1.<\/b><\/span><\/span><\/span><span style=\"color: #2f2f2f;\"><span style=\"font-family: Times New Roman,serif;\"><span style=\"font-size: medium;\"> Z biblioteki szkolnej mog\u0105 bezp\u0142atnie korzysta\u0107 wszyscy uczniowie, nauczyciele, inni pracownicy szko\u0142y oraz rodzice.<br \/>\n<\/span><\/span><\/span><span style=\"color: #2f2f2f;\"><span style=\"font-family: Times New Roman,serif;\"><span style=\"font-size: medium;\"><b>2.<\/b><\/span><\/span><\/span><span style=\"color: #2f2f2f;\"><span style=\"font-family: Times New Roman,serif;\"><span style=\"font-size: medium;\"> Biblioteka udost\u0119pnia swoje zbiory w czasie zaj\u0119\u0107 dydaktycznych zgodnie z organizacj\u0105 roku szkolnego.<br \/>\n<\/span><\/span><\/span><span style=\"color: #2f2f2f;\"><span style=\"font-family: Times New Roman,serif;\"><span style=\"font-size: medium;\"><b>3.<\/b><\/span><\/span><\/span><span style=\"color: #2f2f2f;\"><span style=\"font-family: Times New Roman,serif;\"><span style=\"font-size: medium;\"> Czytelnik odpowiada materialnie za wypo\u017cyczone przez siebie ksi\u0105\u017cki.<br \/>\n<\/span><\/span><\/span><span style=\"color: #2f2f2f;\"><span style=\"font-family: Times New Roman,serif;\"><span style=\"font-size: medium;\"><b>4.<\/b><\/span><\/span><\/span><span style=\"color: #2f2f2f;\"><span style=\"font-family: Times New Roman,serif;\"><span style=\"font-size: medium;\"> W bibliotece nale\u017cy zachowa\u0107 cisz\u0119 i porz\u0105dek.<\/span><\/span><\/span><\/p>\n<p><span style=\"color: #2f2f2f;\"><span style=\"font-family: Times New Roman,serif;\"><span style=\"font-size: medium;\"><b>II. Regulamin wypo\u017cyczalni<\/b><\/span><\/span><\/span><\/p>\n<p><span style=\"color: #2f2f2f;\"><span style=\"font-family: Times New Roman,serif;\"><span style=\"font-size: medium;\"><b>1.<\/b><\/span><\/span><\/span><span style=\"color: #2f2f2f;\"><span style=\"font-family: Times New Roman,serif;\"><span style=\"font-size: medium;\"> Czytelnik mo\u017ce wypo\u017cycza\u0107 ksi\u0105\u017cki wy\u0142\u0105cznie na swoje konto.&nbsp;<br \/>\n<\/span><\/span><\/span><span style=\"color: #2f2f2f;\"><span style=\"font-family: Times New Roman,serif;\"><span style=\"font-size: medium;\"><b>2.<\/b><\/span><\/span><\/span><span style=\"color: #2f2f2f;\"><span style=\"font-family: Times New Roman,serif;\"><span style=\"font-size: medium;\"> Jednorazowo mo\u017cna wypo\u017cycza\u0107 nieograniczon\u0105 liczb\u0119 ksi\u0105\u017cek na okres jednego miesi\u0105ca.<br \/>\n<\/span><\/span><\/span><span style=\"color: #2f2f2f;\"><span style=\"font-family: Times New Roman,serif;\"><span style=\"font-size: medium;\"><b>3.<\/b><\/span><\/span><\/span><span style=\"color: #2f2f2f;\"><span style=\"font-family: Times New Roman,serif;\"><span style=\"font-size: medium;\"> Je\u017celi czytelnik nie przeczyta\u0142 ksi\u0105\u017cki w terminie jednego miesi\u0105ca, a nie ma na ni\u0105 nowych zam\u00f3wie\u0144, mo\u017cna j\u0105 przynie\u015b\u0107 i prosi\u0107 o przed\u0142u\u017cenie terminu zwrotu.&nbsp;<br \/>\n<\/span><\/span><\/span><span style=\"color: #2f2f2f;\"><span style=\"font-family: Times New Roman,serif;\"><span style=\"font-size: medium;\"><b>4.<\/b><\/span><\/span><\/span><span style=\"color: #2f2f2f;\"><span style=\"font-family: Times New Roman,serif;\"><span style=\"font-size: medium;\"> Czytelnik mo\u017ce zarezerwowa\u0107 potrzebn\u0105 mu ksi\u0105\u017ck\u0119.&nbsp;<br \/>\n<\/span><\/span><\/span><span style=\"color: #2f2f2f;\"><span style=\"font-family: Times New Roman,serif;\"><span style=\"font-size: medium;\"><b>5.<\/b><\/span><\/span><\/span><span style=\"color: #2f2f2f;\"><span style=\"font-family: Times New Roman,serif;\"><span style=\"font-size: medium;\"> Korzystaj\u0105cy z biblioteki zobowi\u0105zani s\u0105 do dba\u0142o\u015bci o wypo\u017cyczone ksi\u0105\u017cki.&nbsp;<br \/>\n<\/span><\/span><\/span><span style=\"color: #2f2f2f;\"><span style=\"font-family: Times New Roman,serif;\"><span style=\"font-size: medium;\"><b>6.<\/b><\/span><\/span><\/span><span style=\"color: #2f2f2f;\"><span style=\"font-family: Times New Roman,serif;\"><span style=\"font-size: medium;\"> Wobec czytelnik\u00f3w przetrzymuj\u0105cych ksi\u0105\u017cki stosuje si\u0119 wstrzymanie wypo\u017cycze\u0144 a\u017c do momentu zwr\u00f3cenia zaleg\u0142o\u015bci.&nbsp;<br \/>\n<\/span><\/span><\/span><span style=\"color: #2f2f2f;\"><span style=\"font-family: Times New Roman,serif;\"><span style=\"font-size: medium;\"><b>7.<\/b><\/span><\/span><\/span><span style=\"color: #2f2f2f;\"><span style=\"font-family: Times New Roman,serif;\"><span style=\"font-size: medium;\"> W przypadkach zniszczenia lub zagubienia ksi\u0105\u017cki czytelnik musi zwr\u00f3ci\u0107 tak\u0105 sam\u0105 albo inn\u0105 wskazan\u0105 przez bibliotekarza.<br \/>\n<\/span><\/span><\/span><span style=\"color: #2f2f2f;\"><span style=\"font-family: Times New Roman,serif;\"><span style=\"font-size: medium;\"><b>8.<\/b><\/span><\/span><\/span><span style=\"color: #2f2f2f;\"><span style=\"font-family: Times New Roman,serif;\"><span style=\"font-size: medium;\"> Wszystkie wypo\u017cyczone ksi\u0105\u017cki powinny by\u0107 zwr\u00f3cone przed ko\u0144cem roku szkolnego w terminie ustalonym przez bibliotek\u0119.<br \/>\n<\/span><\/span><\/span><span style=\"color: #2f2f2f;\"><span style=\"font-family: Times New Roman,serif;\"><span style=\"font-size: medium;\"><b>9.<\/b><\/span><\/span><\/span><span style=\"color: #2f2f2f;\"><span style=\"font-family: Times New Roman,serif;\"><span style=\"font-size: medium;\"> Czytelnicy opuszczaj\u0105cy szko\u0142\u0119 (pracownicy, uczniowie) zobowi\u0105zani s\u0105 do pobrania za\u015bwiadczenia potwierdzaj\u0105cego zwrot materia\u0142\u00f3w wypo\u017cyczonych z biblioteki.<\/span><\/span><\/span><\/p>\n<p><span style=\"color: #2f2f2f;\"><span style=\"font-family: Times New Roman,serif;\"><span style=\"font-size: medium;\"><b>III. Regulamin czytelni<\/b><\/span><\/span><\/span><span style=\"color: #2f2f2f;\"><span style=\"font-family: Times New Roman,serif;\"><span style=\"font-size: medium;\">&nbsp;<\/span><\/span><\/span><\/p>\n<p><span style=\"color: #2f2f2f;\"><span style=\"font-family: Times New Roman,serif;\"><span style=\"font-size: medium;\"><b>1.<\/b><\/span><\/span><\/span><span style=\"color: #2f2f2f;\"><span style=\"font-family: Times New Roman,serif;\"><span style=\"font-size: medium;\"> Przed wej\u015bciem do czytelni nale\u017cy pozostawi\u0107 w szatni okrycia wierzchnie.&nbsp;<br \/>\n<\/span><\/span><\/span><span style=\"color: #2f2f2f;\"><span style=\"font-family: Times New Roman,serif;\"><span style=\"font-size: medium;\"><b>2.<\/b><\/span><\/span><\/span><span style=\"color: #2f2f2f;\"><span style=\"font-family: Times New Roman,serif;\"><span style=\"font-size: medium;\"> W czytelni mo\u017cna korzysta\u0107 ze wszystkich zbior\u00f3w, tj. z ksi\u0119gozbioru podr\u0119cznego, czasopism i zbior\u00f3w wypo\u017cyczalni.&nbsp;<br \/>\n<\/span><\/span><\/span><span style=\"color: #2f2f2f;\"><span style=\"font-family: Times New Roman,serif;\"><span style=\"font-size: medium;\"><b>3.<\/b><\/span><\/span><\/span><span style=\"color: #2f2f2f;\"><span style=\"font-family: Times New Roman,serif;\"><span style=\"font-size: medium;\"> Z ksi\u0119gozbioru podr\u0119cznego i czasopism mo\u017cna korzysta\u0107 tylko na miejscu, nie wynosz\u0105c ich poza czytelni\u0119.&nbsp;<br \/>\n<\/span><\/span><\/span><span style=\"color: #2f2f2f;\"><span style=\"font-family: Times New Roman,serif;\"><span style=\"font-size: medium;\"><b>4.<\/b><\/span><\/span><\/span><span style=\"color: #2f2f2f;\"><span style=\"font-family: Times New Roman,serif;\"><span style=\"font-size: medium;\"> Czytelnik ma wolny dost\u0119p do czasopism. Z ksi\u0119gozbioru podr\u0119cznego korzysta za po\u015brednictwem bibliotekarza.&nbsp;<\/span><\/span><\/span><\/p>\n<p><a name=\"_GoBack\"><\/a> <span style=\"color: #2f2f2f;\"><span style=\"font-family: Times New Roman,serif;\"><span style=\"font-size: medium;\"><b>5.<\/b><\/span><\/span><\/span><span style=\"color: #2f2f2f;\"><span style=\"font-family: Times New Roman,serif;\"><span style=\"font-size: medium;\"> Przed opuszczeniem czytelni nale\u017cy zwr\u00f3ci\u0107 czytane ksi\u0105\u017cki bibliotekarzowi.&nbsp;<br \/>\n<\/span><\/span><\/span><span style=\"color: #2f2f2f;\"><span style=\"font-family: Times New Roman,serif;\"><span style=\"font-size: medium;\"><b>6.<\/b><\/span><\/span><\/span><span style=\"color: #2f2f2f;\"><span style=\"font-family: Times New Roman,serif;\"><span style=\"font-size: medium;\"> W czytelni obowi\u0105zuje cisza.&nbsp;<br \/>\n<\/span><\/span><\/span><span style=\"color: #2f2f2f;\"><span style=\"font-family: Times New Roman,serif;\"><span style=\"font-size: medium;\"><b>7.<\/b><\/span><\/span><\/span><span style=\"color: #2f2f2f;\"><span style=\"font-family: Times New Roman,serif;\"><span style=\"font-size: medium;\"> Nie wolno w czytelni spo\u017cywa\u0107 posi\u0142k\u00f3w.&nbsp;<br \/>\n<\/span><\/span><\/span><span style=\"color: #2f2f2f;\"><span style=\"font-family: Times New Roman,serif;\"><span style=\"font-size: medium;\"><b>8.<\/b><\/span><\/span><\/span><span style=\"color: #2f2f2f;\"><span style=\"font-family: Times New Roman,serif;\"><span style=\"font-size: medium;\"> Czytelnia jest nieczynna w czasie prowadzonych w niej zaj\u0119\u0107 lub egzamin\u00f3w.&nbsp;<\/span><\/span><\/span><\/p>\n<p><span style=\"color: #2f2f2f;\"><span style=\"font-family: Times New Roman,serif;\"><span style=\"font-size: medium;\"><b>IV. Korzystanie ze stanowisk komputerowych<\/b><\/span><\/span><\/span><\/p>\n<p><span style=\"color: #2f2f2f;\"><span style=\"font-family: Times New Roman,serif;\"><span style=\"font-size: medium;\"><b>1.<\/b><\/span><\/span><\/span><span style=\"color: #2f2f2f;\"><span style=\"font-family: Times New Roman,serif;\"><span style=\"font-size: medium;\"> Komputery w bibliotece przeznaczone s\u0105 do cel\u00f3w edukacyjnych.&nbsp;<br \/>\n<\/span><\/span><\/span><span style=\"color: #2f2f2f;\"><span style=\"font-family: Times New Roman,serif;\"><span style=\"font-size: medium;\"><b>2.<\/b><\/span><\/span><\/span><span style=\"color: #2f2f2f;\"><span style=\"font-family: Times New Roman,serif;\"><span style=\"font-size: medium;\"> Stanowiska komputerowe umo\u017cliwiaj\u0105 korzystanie ze zbior\u00f3w multimedialnych znajduj\u0105cych si\u0119 w bibliotece oraz internetu.<br \/>\n<\/span><\/span><\/span><span style=\"color: #2f2f2f;\"><span style=\"font-family: Times New Roman,serif;\"><span style=\"font-size: medium;\"><b>3.<\/b><\/span><\/span><\/span><span style=\"color: #2f2f2f;\"><span style=\"font-family: Times New Roman,serif;\"><span style=\"font-size: medium;\"> Korzysta\u0107 mo\u017cna tylko z zainstalowanych program\u00f3w. Zabrania si\u0119 instalowania innych program\u00f3w i dokonywania zmian w ju\u017c istniej\u0105cych oprogramowaniach.<br \/>\n<\/span><\/span><\/span><span style=\"color: #2f2f2f;\"><span style=\"font-family: Times New Roman,serif;\"><span style=\"font-size: medium;\"><b>4.<\/b><\/span><\/span><\/span><span style=\"color: #2f2f2f;\"><span style=\"font-family: Times New Roman,serif;\"><span style=\"font-size: medium;\"> Z drukarki\/kserokopiarki mo\u017cna korzysta\u0107 za zgod\u0105 bibliotekarza po wpisaniu liczby stron do zeszytu ewidencji wydruk\u00f3w (nauczyciele na swoim papierze).&nbsp;<\/span><\/span><\/span><\/p>\n<p><strong><span style=\"color: #333399;\">Opracowa\u0142y:<\/span> <\/strong><br \/>\nJolanta Obuchowicz i Monika Trybocka, nauczycielki bibliotekarki I Liceum Og\u00f3lnokszta\u0142c\u0105cego w Szczecinie<\/p>\n<p>&nbsp;<\/p>\n<p>&nbsp;<\/p>\n","protected":false},"excerpt":{"rendered":"<p>BIBLIOTEKI SZKOLNEJ I LICEUM OG\u00d3LNOKSZTA\u0141C\u0104CEGO im. Marii Sk\u0142odowskiej-Curie w Szczecinie I. Postanowienia og\u00f3lne 1. Z biblioteki szkolnej mog\u0105 bezp\u0142atnie korzysta\u0107 wszyscy uczniowie, nauczyciele, inni pracownicy szko\u0142y oraz rodzice. 2. Biblioteka udost\u0119pnia swoje zbiory w czasie zaj\u0119\u0107 dydaktycznych zgodnie z organizacj\u0105 roku szkolnego. 3. Czytelnik odpowiada materialnie za wypo\u017cyczone przez siebie ksi\u0105\u017cki. 4. W bibliotece nale\u017cy [&hellip;]<\/p>\n","protected":false},"author":1,"featured_media":0,"parent":836,"menu_order":2,"comment_status":"closed","ping_status":"closed","template":"","meta":{"footnotes":""},"class_list":["post-1139","page","type-page","status-publish","hentry"],"_links":{"self":[{"href":"https:\/\/lo1.szczecin.pl\/index.php\/wp-json\/wp\/v2\/pages\/1139","targetHints":{"allow":["GET"]}}],"collection":[{"href":"https:\/\/lo1.szczecin.pl\/index.php\/wp-json\/wp\/v2\/pages"}],"about":[{"href":"https:\/\/lo1.szczecin.pl\/index.php\/wp-json\/wp\/v2\/types\/page"}],"author":[{"embeddable":true,"href":"https:\/\/lo1.szczecin.pl\/index.php\/wp-json\/wp\/v2\/users\/1"}],"replies":[{"embeddable":true,"href":"https:\/\/lo1.szczecin.pl\/index.php\/wp-json\/wp\/v2\/comments?post=1139"}],"version-history":[{"count":6,"href":"https:\/\/lo1.szczecin.pl\/index.php\/wp-json\/wp\/v2\/pages\/1139\/revisions"}],"predecessor-version":[{"id":1308,"href":"https:\/\/lo1.szczecin.pl\/index.php\/wp-json\/wp\/v2\/pages\/1139\/revisions\/1308"}],"up":[{"embeddable":true,"href":"https:\/\/lo1.szczecin.pl\/index.php\/wp-json\/wp\/v2\/pages\/836"}],"wp:attachment":[{"href":"https:\/\/lo1.szczecin.pl\/index.php\/wp-json\/wp\/v2\/media?parent=1139"}],"curies":[{"name":"wp","href":"https:\/\/api.w.org\/{rel}","templated":true}]}}