{"id":23,"date":"2017-02-07T12:15:13","date_gmt":"2017-02-07T11:15:13","guid":{"rendered":"http:\/\/serwer1646903.home.pl\/lo1\/?page_id=23"},"modified":"2024-03-27T09:12:25","modified_gmt":"2024-03-27T08:12:25","slug":"podstawowe-informacje","status":"publish","type":"page","link":"https:\/\/lo1.szczecin.pl\/index.php\/o-szkole\/podstawowe-informacje\/","title":{"rendered":"Podstawowe informacje"},"content":{"rendered":"<h3><strong>I Liceum Og\u00f3lnokszta\u0142c\u0105ce im. Marii Sk\u0142odowskiej-Curie<br \/>\nw Szczecinie<\/strong><\/h3>\n<hr \/>\n<p><span style=\"color: #000000;\">al.Piast\u00f3w 12<\/span><\/p>\n<p><span style=\"color: #000000;\">70-331 Szczecin<\/span><\/p>\n<p><span style=\"color: #000000;\">tel. (+48 91) 48 41 872<\/span><\/p>\n<hr \/>\n<p><strong>e- mail:<\/strong> \u00a0\u00a0 <a href=\"mailto:lo1@miasto.szczecin.pl\"><strong>lo1@miasto.szczecin.pl<\/strong><\/a><\/p>\n<p><strong>www:\u00a0\u00a0\u00a0\u00a0\u00a0\u00a0 <a href=\"http:\/\/www.lo1.szczecin.pl\">lo1.szczecin.pl<\/a><br \/>\n<\/strong><\/p>\n<p>Skrzynka Epuap: \u00a0\/ILOSZCZECIN\/SkrytkaESP<\/p>\n<p><strong>NIP szko\u0142y: 852-10-18-320<\/strong><\/p>\n<hr \/>\n<p><span style=\"color: #000000;\"><strong>Dyrektor szko\u0142y: Ewa Budziach<\/strong><\/span><\/p>\n<hr \/>\n<p><span style=\"color: #000000;\"><strong>Dane do faktur zakupowych:<\/strong><\/span><\/p>\n<p><span style=\"color: #000000;\"><strong>Nabywca:<\/strong> Gmina Miasto Szczecin, pl. Armii Krajowej 1, 70-456 Szczecin\u00a0\u00a0 <strong>NIP 851-030-94-10<\/strong><\/span><\/p>\n<p><span style=\"color: #000000;\"><strong>Odbiorca\/P\u0142atnik:<\/strong> I Liceum Og\u00f3lnokszta\u0142c\u0105ce im. Marii Sk\u0142odowskiej-Curie, al.Piast\u00f3w 12, 70-331 Szczecin<\/span><\/p>\n<hr \/>\n<p><span style=\"color: #000000;\"><strong>Dojazd:<\/strong><\/span><\/p>\n<p><span style=\"color: #000000;\"><strong>Tramwajem liniami nr<\/strong>: 4, 7, 8, 9, 10, 11, 12 (przystanek Pl. Ko\u015bciuszki)<\/span><\/p>\n<p><span style=\"color: #000000;\"><strong>Autobusem liniami nr:<\/strong> 61, 62, 75, 81 (przystanek Pl. Ko\u015bciuszki)<\/span><\/p>\n<p><iframe loading=\"lazy\" style=\"border: 0px none;\" src=\"https:\/\/www.google.com\/maps\/embed?pb=!1m18!1m12!1m3!1d2377.2116546821344!2d14.535166815841572!3d53.42892377999647!2m3!1f0!2f0!3f0!3m2!1i1024!2i768!4f13.1!3m3!1m2!1s0x47aa093c57096a9b%3A0xb203ca46010424cd!2sI+Liceum+Og%C3%B3lnokszta%C5%82c%C4%85ce+im.+Marii+Sk%C5%82odowskiej-Curie!5e0!3m2!1spl!2spl!4v1488018735737\" width=\"600\" height=\"450\" frameborder=\"0\" allowfullscreen=\"allowfullscreen\"><\/iframe><\/p>\n","protected":false},"excerpt":{"rendered":"<p>I Liceum Og\u00f3lnokszta\u0142c\u0105ce im. Marii Sk\u0142odowskiej-Curie w Szczecinie al.Piast\u00f3w 12 70-331 Szczecin tel. (+48 91) 48 41 872 e- mail: \u00a0\u00a0 lo1@miasto.szczecin.pl www:\u00a0\u00a0\u00a0\u00a0\u00a0\u00a0 lo1.szczecin.pl Skrzynka Epuap: \u00a0\/ILOSZCZECIN\/SkrytkaESP NIP szko\u0142y: 852-10-18-320 Dyrektor szko\u0142y: Ewa Budziach Dane do faktur zakupowych: Nabywca: Gmina Miasto Szczecin, pl. Armii Krajowej 1, 70-456 Szczecin\u00a0\u00a0 NIP 851-030-94-10 Odbiorca\/P\u0142atnik: I Liceum Og\u00f3lnokszta\u0142c\u0105ce im. [&hellip;]<\/p>\n","protected":false},"author":1,"featured_media":0,"parent":8,"menu_order":0,"comment_status":"closed","ping_status":"closed","template":"","meta":{"footnotes":""},"class_list":["post-23","page","type-page","status-publish","hentry"],"_links":{"self":[{"href":"https:\/\/lo1.szczecin.pl\/index.php\/wp-json\/wp\/v2\/pages\/23","targetHints":{"allow":["GET"]}}],"collection":[{"href":"https:\/\/lo1.szczecin.pl\/index.php\/wp-json\/wp\/v2\/pages"}],"about":[{"href":"https:\/\/lo1.szczecin.pl\/index.php\/wp-json\/wp\/v2\/types\/page"}],"author":[{"embeddable":true,"href":"https:\/\/lo1.szczecin.pl\/index.php\/wp-json\/wp\/v2\/users\/1"}],"replies":[{"embeddable":true,"href":"https:\/\/lo1.szczecin.pl\/index.php\/wp-json\/wp\/v2\/comments?post=23"}],"version-history":[{"count":24,"href":"https:\/\/lo1.szczecin.pl\/index.php\/wp-json\/wp\/v2\/pages\/23\/revisions"}],"predecessor-version":[{"id":6727,"href":"https:\/\/lo1.szczecin.pl\/index.php\/wp-json\/wp\/v2\/pages\/23\/revisions\/6727"}],"up":[{"embeddable":true,"href":"https:\/\/lo1.szczecin.pl\/index.php\/wp-json\/wp\/v2\/pages\/8"}],"wp:attachment":[{"href":"https:\/\/lo1.szczecin.pl\/index.php\/wp-json\/wp\/v2\/media?parent=23"}],"curies":[{"name":"wp","href":"https:\/\/api.w.org\/{rel}","templated":true}]}}