{"id":35,"date":"2017-02-07T12:20:54","date_gmt":"2017-02-07T11:20:54","guid":{"rendered":"http:\/\/serwer1646903.home.pl\/lo1\/?page_id=35"},"modified":"2020-08-20T14:43:14","modified_gmt":"2020-08-20T12:43:14","slug":"sekretariat","status":"publish","type":"page","link":"https:\/\/lo1.szczecin.pl\/index.php\/o-szkole\/sekretariat\/","title":{"rendered":"Sekretariat"},"content":{"rendered":"<hr>\n<p><strong>Sekretarz szko\u0142y:<\/strong><\/p>\n<p>mgr Gabriela Radzimska<\/p>\n<hr>\n<p><strong>Godziny otwarcia dla interesant\u00f3w:<\/strong> 8.00 &#8211; 15.00<\/p>\n<p><strong>Za\u0142atwianie spraw uczniowskich:<\/strong><\/p>\n<p>poniedzia\u0142ek&nbsp;&nbsp; <strong>10.30-14.00<\/strong><\/p>\n<p>wtorek &#8211;&nbsp;&nbsp;&nbsp;&nbsp;&nbsp;&nbsp;&nbsp;&nbsp; <strong>10.30-14.00<\/strong><\/p>\n<p>\u015broda&nbsp;&nbsp;&nbsp;&nbsp;&nbsp;&nbsp;&nbsp;&nbsp;&nbsp;&nbsp;&nbsp;&nbsp;&nbsp;&nbsp; <strong>nieczynne<\/strong><\/p>\n<p>czwartek&nbsp;&nbsp;&nbsp;&nbsp;&nbsp;&nbsp;&nbsp;&nbsp; <strong>10.30-14.00<\/strong><\/p>\n<p>pi\u0105tek&nbsp;&nbsp;&nbsp;&nbsp;&nbsp;&nbsp;&nbsp;&nbsp;&nbsp;&nbsp;&nbsp;&nbsp; <strong>10.30-14.00<\/strong><\/p>\n<hr>\n<p><strong>Numery telefon\u00f3w do szko\u0142y:<\/strong><\/p>\n<p>szko\u0142a tel: (+48 91)&nbsp; 48 41 872<\/p>\n<p><strong>Numery wewn\u0119trzne:<\/strong><\/p>\n<p><strong>101<\/strong> lub <strong>9<\/strong> operator (sekretariat)<\/p>\n<p><strong>104<\/strong> ksi\u0119gowo\u015b\u0107<\/p>\n<p><strong>105<\/strong> kierownik administracji<\/p>\n<p><strong>107<\/strong> gabinet piel\u0119gniarki<\/p>\n<p><strong>109<\/strong> biblioteka<\/p>\n<p><strong>116<\/strong> fax<\/p>\n<hr>\n<h3><strong>Op\u0142aty<\/strong><\/h3>\n<p>W przypadku zagubienia lub zniszczenia dokument\u00f3w nale\u017cy wp\u0142aci\u0107 na konto szko\u0142y:<\/p>\n<p><span style=\"color: #000000;\"><strong>duplikat<\/strong><\/span> legitymacji szkolnej &#8211; <strong>9 z\u0142<\/strong><\/p>\n<p><span style=\"color: #000000;\"><strong>duplikat<\/strong><\/span> \u015bwiadectwa uko\u0144czenia szko\u0142y\/dojrza\u0142o\u015bci &#8211; <strong>26 z\u0142<\/strong><\/p>\n<p><strong>Wniosek o duplikat \u015bwiadectwa &#8211; <a href=\"http:\/\/lo1.szczecin.pl\/wp-content\/uploads\/2020\/08\/wz\u00f3r-duplikatu.pdf\">wz\u00f3r-duplikatu<\/a><\/strong><\/p>\n<p>W przypadku zagubienia lub zniszczenia w\/w dokument\u00f3w odpowiednia kwot\u0119 nale\u017cy wp\u0142aci\u0107 na konto<\/p>\n<h3><strong>83 1020 4795 0000 9402 0278 4551<\/strong><\/h3>\n<p><strong>Tytu\u0142em<\/strong>: duplikat legitymacji\/\u015bwiadectwa, imi\u0119 i nazwisko ucznia\/absolwenta, klasa<\/p>\n<p>Z dowodem wp\u0142aty nale\u017cy zg\u0142osi\u0107 si\u0119 do sekretariatu szko\u0142y<\/p>\n<hr>\n","protected":false},"excerpt":{"rendered":"<p>Sekretarz szko\u0142y: mgr Gabriela Radzimska Godziny otwarcia dla interesant\u00f3w: 8.00 &#8211; 15.00 Za\u0142atwianie spraw uczniowskich: poniedzia\u0142ek&nbsp;&nbsp; 10.30-14.00 wtorek &#8211;&nbsp;&nbsp;&nbsp;&nbsp;&nbsp;&nbsp;&nbsp;&nbsp; 10.30-14.00 \u015broda&nbsp;&nbsp;&nbsp;&nbsp;&nbsp;&nbsp;&nbsp;&nbsp;&nbsp;&nbsp;&nbsp;&nbsp;&nbsp;&nbsp; nieczynne czwartek&nbsp;&nbsp;&nbsp;&nbsp;&nbsp;&nbsp;&nbsp;&nbsp; 10.30-14.00 pi\u0105tek&nbsp;&nbsp;&nbsp;&nbsp;&nbsp;&nbsp;&nbsp;&nbsp;&nbsp;&nbsp;&nbsp;&nbsp; 10.30-14.00 Numery telefon\u00f3w do szko\u0142y: szko\u0142a tel: (+48 91)&nbsp; 48 41 872 Numery wewn\u0119trzne: 101 lub 9 operator (sekretariat) 104 ksi\u0119gowo\u015b\u0107 105 kierownik administracji 107 gabinet piel\u0119gniarki 109 biblioteka 116 [&hellip;]<\/p>\n","protected":false},"author":1,"featured_media":0,"parent":8,"menu_order":4,"comment_status":"closed","ping_status":"closed","template":"","meta":{"footnotes":""},"class_list":["post-35","page","type-page","status-publish","hentry"],"_links":{"self":[{"href":"https:\/\/lo1.szczecin.pl\/index.php\/wp-json\/wp\/v2\/pages\/35","targetHints":{"allow":["GET"]}}],"collection":[{"href":"https:\/\/lo1.szczecin.pl\/index.php\/wp-json\/wp\/v2\/pages"}],"about":[{"href":"https:\/\/lo1.szczecin.pl\/index.php\/wp-json\/wp\/v2\/types\/page"}],"author":[{"embeddable":true,"href":"https:\/\/lo1.szczecin.pl\/index.php\/wp-json\/wp\/v2\/users\/1"}],"replies":[{"embeddable":true,"href":"https:\/\/lo1.szczecin.pl\/index.php\/wp-json\/wp\/v2\/comments?post=35"}],"version-history":[{"count":21,"href":"https:\/\/lo1.szczecin.pl\/index.php\/wp-json\/wp\/v2\/pages\/35\/revisions"}],"predecessor-version":[{"id":5500,"href":"https:\/\/lo1.szczecin.pl\/index.php\/wp-json\/wp\/v2\/pages\/35\/revisions\/5500"}],"up":[{"embeddable":true,"href":"https:\/\/lo1.szczecin.pl\/index.php\/wp-json\/wp\/v2\/pages\/8"}],"wp:attachment":[{"href":"https:\/\/lo1.szczecin.pl\/index.php\/wp-json\/wp\/v2\/media?parent=35"}],"curies":[{"name":"wp","href":"https:\/\/api.w.org\/{rel}","templated":true}]}}