{"id":4143,"date":"2021-04-01T13:35:53","date_gmt":"2021-04-01T11:35:53","guid":{"rendered":"http:\/\/lo1.szczecin.pl\/?page_id=4143"},"modified":"2021-04-19T13:12:56","modified_gmt":"2021-04-19T11:12:56","slug":"zakatek","status":"publish","type":"page","link":"https:\/\/lo1.szczecin.pl\/index.php\/dzialalnosc\/zakatek\/","title":{"rendered":"Zak\u0105tek"},"content":{"rendered":"\n<p><strong>Zapraszamy do Zak\u0105tka<img loading=\"lazy\" decoding=\"async\" width=\"16\" height=\"16\" alt=\"\u2757\" src=\"https:\/\/static.xx.fbcdn.net\/images\/emoji.php\/v9\/t50\/1\/16\/2757.png\">Czym jest Zak\u0105tek<img loading=\"lazy\" decoding=\"async\" width=\"16\" height=\"16\" alt=\"\u2753\" src=\"https:\/\/static.xx.fbcdn.net\/images\/emoji.php\/v9\/t4c\/1\/16\/2753.png\"><\/strong><\/p>\n\n\n\n<p><img loading=\"lazy\" decoding=\"async\" width=\"16\" height=\"16\" alt=\"\ud83d\ude42\" src=\"https:\/\/static.xx.fbcdn.net\/images\/emoji.php\/v9\/t4c\/1\/16\/1f642.png\"> <strong><span class=\"has-inline-color has-vivid-cyan-blue-color\">My\u015bl\u0105!<\/span> <span class=\"has-inline-color has-vivid-red-color\">S\u0142owem! <\/span><span class=\"has-inline-color has-cyan-bluish-gray-color\">Obrazem!<\/span> <span class=\"has-inline-color has-vivid-purple-color\">Muzyk\u0105!<\/span><span class=\"has-inline-color has-vivid-green-cyan-color\"> Wra\u017ceniem! <\/span><span class=\"has-inline-color has-pale-pink-color\">Prze\u017cyciem! <\/span><span class=\"has-inline-color has-luminous-vivid-amber-color\">Czuciem!<\/span><\/strong> <br><strong>Tu klasy teatralne cyklicznie b\u0119d\u0105 zamieszcza\u0107 w Zak\u0105tku efekty swoich prac<\/strong>.<br>Tym razem zapraszamy do obejrzenia filmu przygotowanego przez<strong> Zofi\u0119 Bia\u0142kowsk\u0105 na podstawie wiersza Wis\u0142awy Szymborskiej &#8222;Identyfikacja&#8221;, <\/strong>kt\u00f3rego interpretacji podj\u0119\u0142a si\u0119 <strong>Oliwia Bili\u0144ska.<\/strong><\/p>\n\n\n\n<p><\/p>\n\n\n\n<figure class=\"wp-block-embed-youtube wp-block-embed is-type-video is-provider-youtube wp-embed-aspect-16-9 wp-has-aspect-ratio\"><div class=\"wp-block-embed__wrapper\">\n<iframe loading=\"lazy\" title=\"&quot;Identyfikacja&quot; - Wis\u0142awa Szymborska\" width=\"648\" height=\"365\" src=\"https:\/\/www.youtube.com\/embed\/aorT-hMgPZo?feature=oembed\" frameborder=\"0\" allow=\"accelerometer; autoplay; clipboard-write; encrypted-media; gyroscope; picture-in-picture; web-share\" referrerpolicy=\"strict-origin-when-cross-origin\" allowfullscreen><\/iframe>\n<\/div><\/figure>\n\n\n\n<p><\/p>\n\n\n\n<p>Na pocz\u0105tek zapraszamy do obejrzenia filmu (w j\u0119zykach polskim i w\u0142oskim) przygotowanego na podstawie tekstu Oskara Wilda i zrealizowanego przez <strong>Zofi\u0119 Bia\u0142kowsk\u0105 (klasa II d p).<\/strong><\/p>\n\n\n\n<figure class=\"wp-block-embed-youtube wp-block-embed is-type-video is-provider-youtube wp-embed-aspect-16-9 wp-has-aspect-ratio\"><div class=\"wp-block-embed__wrapper\">\n<iframe loading=\"lazy\" title=\"Oscar Wilde (wersja polska)\" width=\"648\" height=\"365\" src=\"https:\/\/www.youtube.com\/embed\/4iiklcv32Pg?feature=oembed\" frameborder=\"0\" allow=\"accelerometer; autoplay; clipboard-write; encrypted-media; gyroscope; picture-in-picture; web-share\" referrerpolicy=\"strict-origin-when-cross-origin\" allowfullscreen><\/iframe>\n<\/div><\/figure>\n\n\n\n<figure class=\"wp-block-embed-youtube wp-block-embed is-type-video is-provider-youtube wp-embed-aspect-16-9 wp-has-aspect-ratio\"><div class=\"wp-block-embed__wrapper\">\n<iframe loading=\"lazy\" title=\"L&#039;arte.\" width=\"648\" height=\"365\" src=\"https:\/\/www.youtube.com\/embed\/_V6NpdJ5CO4?start=77&#038;feature=oembed\" frameborder=\"0\" allow=\"accelerometer; autoplay; clipboard-write; encrypted-media; gyroscope; picture-in-picture; web-share\" referrerpolicy=\"strict-origin-when-cross-origin\" allowfullscreen><\/iframe>\n<\/div><\/figure>\n","protected":false},"excerpt":{"rendered":"<p>Zapraszamy do Zak\u0105tkaCzym jest Zak\u0105tek My\u015bl\u0105! S\u0142owem! Obrazem! Muzyk\u0105! Wra\u017ceniem! Prze\u017cyciem! Czuciem! Tu klasy teatralne cyklicznie b\u0119d\u0105 zamieszcza\u0107 w Zak\u0105tku efekty swoich prac.Tym razem zapraszamy do obejrzenia filmu przygotowanego przez Zofi\u0119 Bia\u0142kowsk\u0105 na podstawie wiersza Wis\u0142awy Szymborskiej &#8222;Identyfikacja&#8221;, kt\u00f3rego interpretacji podj\u0119\u0142a si\u0119 Oliwia Bili\u0144ska. Na pocz\u0105tek zapraszamy do obejrzenia filmu (w j\u0119zykach polskim i w\u0142oskim) [&hellip;]<\/p>\n","protected":false},"author":1,"featured_media":0,"parent":87,"menu_order":0,"comment_status":"closed","ping_status":"closed","template":"","meta":{"footnotes":""},"class_list":["post-4143","page","type-page","status-publish","hentry"],"_links":{"self":[{"href":"https:\/\/lo1.szczecin.pl\/index.php\/wp-json\/wp\/v2\/pages\/4143","targetHints":{"allow":["GET"]}}],"collection":[{"href":"https:\/\/lo1.szczecin.pl\/index.php\/wp-json\/wp\/v2\/pages"}],"about":[{"href":"https:\/\/lo1.szczecin.pl\/index.php\/wp-json\/wp\/v2\/types\/page"}],"author":[{"embeddable":true,"href":"https:\/\/lo1.szczecin.pl\/index.php\/wp-json\/wp\/v2\/users\/1"}],"replies":[{"embeddable":true,"href":"https:\/\/lo1.szczecin.pl\/index.php\/wp-json\/wp\/v2\/comments?post=4143"}],"version-history":[{"count":3,"href":"https:\/\/lo1.szczecin.pl\/index.php\/wp-json\/wp\/v2\/pages\/4143\/revisions"}],"predecessor-version":[{"id":4174,"href":"https:\/\/lo1.szczecin.pl\/index.php\/wp-json\/wp\/v2\/pages\/4143\/revisions\/4174"}],"up":[{"embeddable":true,"href":"https:\/\/lo1.szczecin.pl\/index.php\/wp-json\/wp\/v2\/pages\/87"}],"wp:attachment":[{"href":"https:\/\/lo1.szczecin.pl\/index.php\/wp-json\/wp\/v2\/media?parent=4143"}],"curies":[{"name":"wp","href":"https:\/\/api.w.org\/{rel}","templated":true}]}}