{"id":4819,"date":"2022-03-15T19:56:21","date_gmt":"2022-03-15T18:56:21","guid":{"rendered":"http:\/\/lo1.szczecin.pl\/?page_id=4819"},"modified":"2022-08-18T13:57:11","modified_gmt":"2022-08-18T11:57:11","slug":"projekt-sui-palchi-di-scuola","status":"publish","type":"page","link":"https:\/\/lo1.szczecin.pl\/index.php\/erasmus\/projekt-sui-palchi-di-scuola\/","title":{"rendered":"Projekt &#8222;Sui palchi di scuola&#8221;"},"content":{"rendered":"\n<div class=\"wp-block-image\"><figure class=\"aligncenter size-large is-resized\"><img loading=\"lazy\" decoding=\"async\" src=\"http:\/\/lo1.szczecin.pl\/wp-content\/uploads\/2022\/08\/Plakat-projektu-z-partnerami-1.jpeg\" alt=\"\" class=\"wp-image-5210\" width=\"442\" height=\"248\" srcset=\"https:\/\/lo1.szczecin.pl\/wp-content\/uploads\/2022\/08\/Plakat-projektu-z-partnerami-1.jpeg 720w, https:\/\/lo1.szczecin.pl\/wp-content\/uploads\/2022\/08\/Plakat-projektu-z-partnerami-1-300x169.jpeg 300w\" sizes=\"auto, (max-width: 442px) 100vw, 442px\" \/><\/figure><\/div>\n\n\n\n<p><strong>ZA\u0141O\u017bENIA PROJEKTU ERASMUS PLUS<\/strong><\/p>\n\n\n\n<p><strong>Projekt<\/strong><br>ma na celu promowanie kszta\u0142towania m\u0142odego cz\u0142owieka w zakresie jego to\u017csamo\u015bci i przynale\u017cno\u015bci do Europy za pomoc\u0105 dialogu mi\u0119dzykulturowego w\u015br\u00f3d m\u0142odzie\u017cy dotycz\u0105cego dziedzictwa teatralnego, korzeni cywilizacji&nbsp; stanowi\u0105cych punkt styczno\u015bci dla mieszka\u0144c\u00f3w ca\u0142ej Europy.<\/p>\n\n\n\n<p>Na deskach teatru szkolnego stanie si\u0119 przyczynkiem do wymiany praktyk w edukacji teatralnej, rozwojem innowacyjnych metod nauczania oraz dzielenia si\u0119 wra\u017cliwo\u015bci\u0105 pedagogiczn\u0105 w tej materii w\u015br\u00f3d partner\u00f3w projektowych.<\/p>\n\n\n\n<p><strong>Konkretne cele projektu<\/strong><br>okre\u015blone w ramach strategicznych projekt\u00f3w \u201eEdukacja i szkolenia 2020\u201d i Erasmus +:<\/p>\n\n\n\n<ul class=\"wp-block-list\"><li>wsp\u00f3\u0142praca sze\u015bciu europejskich lice\u00f3w partnerskich,<\/li><li>oferowanie mo\u017cliwo\u015bci zdobywania wiedzy i rozwoju osobistego dzi\u0119ki mobilno\u015bciom,<\/li><li>promowanie dynamicznych dzia\u0142a\u0144 wsp\u00f3lnego zdobywania umiej\u0119tno\u015bci z wykorzystaniem innowacyjnych metod oraz do\u015bwiadcze\u0144 renomowanych aktor\u00f3w i re\u017cyser\u00f3w,<\/li><li>zach\u0119canie do poprawiania lub zdobywania umiej\u0119tno\u015bci i kompetencji w pos\u0142ugiwaniu si\u0119 j\u0119zykami obcymi<\/li><li>promowanie wieloj\u0119zyczno\u015bci jako opcj\u0119 kulturow\u0105 pozwalaj\u0105c\u0105 nawi\u0105zywa\u0107 relacje przyjacielskie i partnerskie w\u015br\u00f3d m\u0142odzie\u017cy i kadry nauczycielskiej,<\/li><li>korzystanie z profesjonalnych konsultacji teatralnych z ekspertami i operatorami artystycznymi teatru w celu podniesienia standardu w szkolnych ko\u0142ach teatralnych, w kt\u00f3rych szlifuje swoje umiej\u0119tno\u015bci m\u0142odzie\u017c w wieku od 15 do 19 lat (ok. 500 w ci\u0105gu 3 lat projektu). Uczniowie ucz\u0119szczaj\u0105 do klas teatralnych uwzgl\u0119dnionych w programie nauczania, k\u00f3\u0142 teatralnych popo\u0142udniowych oraz warsztat\u00f3w teatralnych poza szko\u0142a.<\/li><li>Zaanga\u017cowanie kadry nauczycielskiej do udzia\u0142u w projekcie \u2013 nauczyciele nauk humanistycznych, j\u0119zyk\u00f3w obcych oraz przeszkolonych w zakresie sztuki teatralnej (ok. 60 w ci\u0105gu 3 lat projektu). Wezm\u0105 oni udzia\u0142 w przygotowaniu licznych lokalnych wydarze\u0144, o w mobilno\u015bciach oraz rozliczeniach finansowych projektu.<\/li><\/ul>\n\n\n\n<p><strong>Dzia\u0142ania:<\/strong><\/p>\n\n\n\n<p>b\u0119d\u0105 oparte na trzech kluczowych tematach obowi\u0105zuj\u0105cych podczas trzech lat trwania projektu czyli :<\/p>\n\n\n\n<p><strong>1.Teatr jako poszukiwanie w\u0142asnego ja,<\/strong><\/p>\n\n\n\n<p><strong>2. Polityczna funkcja teatru,<\/strong><\/p>\n\n\n\n<p><strong>3. \u201eInny\u201d \u2013 problem uchod\u017ac\u00f3w<\/strong><\/p>\n\n\n\n<ul class=\"wp-block-list\"><li>Realizacja dzia\u0142a\u0144 zaanga\u017cuje 6 grup teatralnych z 5 kraj\u00f3w Europy ( W\u0142ochy \u2013 2, Hiszpania, Grecja, Francja, Polska). B\u0119d\u0105 prowadzone warsztaty, seminaria i konferencje przez ekspert\u00f3w teatralnych w celu por\u00f3wnania do\u015bwiadcze\u0144, podniesienia \u015bwiadomo\u015bci w temacie w\u015br\u00f3d uczni\u00f3w (debata) oraz nauczycieli (sesje szkoleniowe).<\/li><li>Uczestnicy wezm\u0105 udzia\u0142 w wystawach teatru klasycznego w Altamurze (W\u0142ochy), Cartagenie (Hiszpania), Saloniki (Grecja), zaprezentuj\u0105 projekt finalny podczas ka\u017cdej z mobilno\u015bci w postaci sztuki scenicznej.<\/li><li>Zaproponowano konkurs\/certamen pt, \u201eAd Theatrum\u201d na szkolny scenariusz teatralny.<\/li><li>Przegl\u0105d staro\u017cytnych i klasycznych europejskich tekst\u00f3w teatralnych<\/li><li>Badanie dotycz\u0105ce popularno\u015bci teatru w\u015br\u00f3d m\u0142odzie\u017cy, nauczycieli i opiekun\u00f3w k\u00f3\u0142 teatralnych&nbsp; we wszystkich partnerskich krajach (kwestionariusz) oraz opublikowanie wynik\u00f3w.<\/li><\/ul>\n\n\n\n<p><strong>Metodologia<\/strong><\/p>\n\n\n\n<p>rozwoju projektu opiera si\u0119 na trzech osiach:<\/p>\n\n\n\n<ul class=\"wp-block-list\"><li>tworzeniu ponadnarodowej spo\u0142eczno\u015bci, kt\u00f3ra opracowuje i por\u00f3wnuje \u201esystem nauczania teatru\u201d do wdro\u017cenia w kontek\u015bcie&nbsp; szk\u00f3\u0142 partnerskich oraz poza nimi.<\/li><li>wsp\u00f3\u0142pracy w zakresie ICT w szczeg\u00f3lno\u015bci na platformie e Twinning \u2013 wieloj\u0119zyczna platforma cyfrowa z archiwum<\/li><li>wsp\u00f3\u0142pracy w mediach spo\u0142eczno\u015bciowych jako narz\u0119dzie do rozwoju osobistego i zawodowego.<\/li><\/ul>\n\n\n\n<p><strong>Zarz\u0105dzanie projektem<\/strong><\/p>\n\n\n\n<p>b\u0119dzie realizowane poprzez:<\/p>\n\n\n\n<ul class=\"wp-block-list\"><li>Comite` de pilotage i pracownik\u00f3w szk\u00f3\u0142 ds. organizacji LTTA, komunikacji, monitorowania oraz oceny.<\/li><li>Harmonogram dzia\u0142a\u0144 i mobilno\u015bci, wyb\u00f3r student\u00f3w, przygotowanie LTTA, dokumentacja.<\/li><li>Rozpowszechnianie dzia\u0142a\u0144 projektowych, produkt\u00f3w wsp\u00f3\u0142pracy mi\u0119dzy partnerami na poziomie lokalnym i globalnym (portale internetowe, gazety, radio).<\/li><\/ul>\n\n\n\n<p><strong>Partnerstwo<\/strong><\/p>\n\n\n\n<p>Konsorcjum powsta\u0142o dzi\u0119ki wcze\u015bniejszej wsp\u00f3\u0142pracy mi\u0119dzy partnerami oraz w toku rozm\u00f3w przedwst\u0119pnych \u2013 podpisane w memorandum \u2013 na temat tre\u015bci i dzia\u0142a\u0144. Wszystkie strony dysponuj\u0105 wiedz\u0105 fachow\u0105 oraz umiej\u0119tno\u015bciami i zdolno\u015bciami w omawianym zakresie wnosz\u0105c do projektu warto\u015b\u0107 dodan\u0105.<\/p>\n\n\n\n<p>Opr\u00f3cz konkretnych produkt\u00f3w pracy oczekuje si\u0119 znacznego wzrostu szkole\u0144 teatralnych, \u015brodowisk edukacyjnych, ponadnarodowej aktywno\u015bci nauczycieli nauk humanistycznych i j\u0119zykowych, kt\u00f3rzy wymieniaj\u0105 si\u0119 wypracowanymi praktykami i tre\u015bciami multimedialnymi, profesjonalizmu nauczania i organizacji szko\u0142y, wzmocnienia europejskiego wymiaru szko\u0142y dzi\u0119ki mobilno\u015bciom kr\u00f3tko i d\u0142ugoterminowym, podniesienia umiej\u0119tno\u015bci j\u0119zykowych i cyfrowych nauczycieli i uczni\u00f3w.<\/p>\n\n\n\n<p>Wyniki te, opr\u00f3cz przewidywania i uzyskania natychmiastowych korzy\u015bci w zakresie poprawy w omawianym temacie, zasil\u0105 te\u017c nowoczesn\u0105 i skuteczn\u0105 szko\u0142\u0119 europejsk\u0105 charakteryzuj\u0105c\u0105 si\u0119 wsp\u00f3lnym systemem warto\u015bci.<\/p>\n\n\n\n<div class=\"wp-block-image\"><figure class=\"aligncenter size-large\"><img loading=\"lazy\" decoding=\"async\" width=\"718\" height=\"1024\" src=\"http:\/\/lo1.szczecin.pl\/wp-content\/uploads\/2022\/08\/artykul-podsumowujacy-Erasmus-plus-718x1024.jpg\" alt=\"\" class=\"wp-image-5341\" srcset=\"https:\/\/lo1.szczecin.pl\/wp-content\/uploads\/2022\/08\/artykul-podsumowujacy-Erasmus-plus-718x1024.jpg 718w, https:\/\/lo1.szczecin.pl\/wp-content\/uploads\/2022\/08\/artykul-podsumowujacy-Erasmus-plus-210x300.jpg 210w, https:\/\/lo1.szczecin.pl\/wp-content\/uploads\/2022\/08\/artykul-podsumowujacy-Erasmus-plus-768x1096.jpg 768w, https:\/\/lo1.szczecin.pl\/wp-content\/uploads\/2022\/08\/artykul-podsumowujacy-Erasmus-plus-1077x1536.jpg 1077w, https:\/\/lo1.szczecin.pl\/wp-content\/uploads\/2022\/08\/artykul-podsumowujacy-Erasmus-plus-1436x2048.jpg 1436w, https:\/\/lo1.szczecin.pl\/wp-content\/uploads\/2022\/08\/artykul-podsumowujacy-Erasmus-plus-scaled.jpg 1795w\" sizes=\"auto, (max-width: 718px) 100vw, 718px\" \/><\/figure><\/div>\n","protected":false},"excerpt":{"rendered":"<p>ZA\u0141O\u017bENIA PROJEKTU ERASMUS PLUS Projektma na celu promowanie kszta\u0142towania m\u0142odego cz\u0142owieka w zakresie jego to\u017csamo\u015bci i przynale\u017cno\u015bci do Europy za pomoc\u0105 dialogu mi\u0119dzykulturowego w\u015br\u00f3d m\u0142odzie\u017cy dotycz\u0105cego dziedzictwa teatralnego, korzeni cywilizacji&nbsp; stanowi\u0105cych punkt styczno\u015bci dla mieszka\u0144c\u00f3w ca\u0142ej Europy. Na deskach teatru szkolnego stanie si\u0119 przyczynkiem do wymiany praktyk w edukacji teatralnej, rozwojem innowacyjnych metod nauczania oraz [&hellip;]<\/p>\n","protected":false},"author":1,"featured_media":0,"parent":4817,"menu_order":0,"comment_status":"closed","ping_status":"closed","template":"","meta":{"footnotes":""},"class_list":["post-4819","page","type-page","status-publish","hentry"],"_links":{"self":[{"href":"https:\/\/lo1.szczecin.pl\/index.php\/wp-json\/wp\/v2\/pages\/4819","targetHints":{"allow":["GET"]}}],"collection":[{"href":"https:\/\/lo1.szczecin.pl\/index.php\/wp-json\/wp\/v2\/pages"}],"about":[{"href":"https:\/\/lo1.szczecin.pl\/index.php\/wp-json\/wp\/v2\/types\/page"}],"author":[{"embeddable":true,"href":"https:\/\/lo1.szczecin.pl\/index.php\/wp-json\/wp\/v2\/users\/1"}],"replies":[{"embeddable":true,"href":"https:\/\/lo1.szczecin.pl\/index.php\/wp-json\/wp\/v2\/comments?post=4819"}],"version-history":[{"count":6,"href":"https:\/\/lo1.szczecin.pl\/index.php\/wp-json\/wp\/v2\/pages\/4819\/revisions"}],"predecessor-version":[{"id":5342,"href":"https:\/\/lo1.szczecin.pl\/index.php\/wp-json\/wp\/v2\/pages\/4819\/revisions\/5342"}],"up":[{"embeddable":true,"href":"https:\/\/lo1.szczecin.pl\/index.php\/wp-json\/wp\/v2\/pages\/4817"}],"wp:attachment":[{"href":"https:\/\/lo1.szczecin.pl\/index.php\/wp-json\/wp\/v2\/media?parent=4819"}],"curies":[{"name":"wp","href":"https:\/\/api.w.org\/{rel}","templated":true}]}}