{"id":4821,"date":"2022-03-15T19:57:06","date_gmt":"2022-03-15T18:57:06","guid":{"rendered":"http:\/\/lo1.szczecin.pl\/?page_id=4821"},"modified":"2022-03-22T00:14:48","modified_gmt":"2022-03-21T23:14:48","slug":"projekt-science-across-europe","status":"publish","type":"page","link":"https:\/\/lo1.szczecin.pl\/index.php\/erasmus\/projekt-science-across-europe\/","title":{"rendered":"Projekt &#8222;Science Across Europe&#8221;"},"content":{"rendered":"\n<hr class=\"wp-block-separator\"\/>\n\n\n\n<p><strong>Motywem przewodnim projektu Erasmus+ Science Across&nbsp;Europe&nbsp;s\u0105&nbsp;energie odnawialne. Projekt przewiduje wymian\u0119&nbsp;uczni\u00f3w z 4 kraj\u00f3w partnerskich: Hiszpanii, Niemiec, Norwegii oraz Polski. Naszym celem jest&nbsp;zaanga\u017cowanie m\u0142odych ludzi w poznanie zr\u00f3\u017cnicowanych klimat\u00f3w i geografii czterech uczestnicz\u0105cych kraj\u00f3w,&nbsp;u\u015bwiadomienie uczestnikom projektu oraz lokalnej spo\u0142eczno\u015bci potrzeby skupienia si\u0119&nbsp;na&nbsp;istniej\u0105cych metodach tworzenia zr\u00f3wnowa\u017conej energii oraz potrzeby opracowania nowych&nbsp;metod,&nbsp;rozwijanie umiej\u0119tno\u015bci komunikacyjnych i interpersonalnych w mi\u0119dzynarodowej grupie&nbsp;r\u00f3wie\u015bniczej oraz&nbsp;poznanie naturalnych zasob\u00f3w energetycznych kraj\u00f3w partnerskich:&nbsp;energii s\u0142onecznej <\/strong><br><strong>w Hiszpanii,&nbsp;biomasy i biopaliwa w Polsce, energii wodnej<\/strong> <strong>w Norwegii,&nbsp;energii wiatrowej w Niemczech.<\/strong><br><br><strong>Odpowiedzialnymi za projekt s\u0105 Agnieszka Milewska i Artur Piekara<\/strong><br><\/p>\n\n\n\n<div class=\"wp-block-file\"><a href=\"http:\/\/lo1.szczecin.pl\/wp-content\/uploads\/2022\/03\/Regulamin-Erasmus-Science-Across-Europe.pdf\"><strong>Regulamin-Erasmus-Science-Across-Europe<\/strong><\/a><a href=\"http:\/\/lo1.szczecin.pl\/wp-content\/uploads\/2022\/03\/Regulamin-Erasmus-Science-Across-Europe.pdf\" class=\"wp-block-file__button\" download>Pobierz<\/a><\/div>\n\n\n\n<hr class=\"wp-block-separator\"\/>\n\n\n\n<p><strong>Wizyta w Szczecinie uczestnik\u00f3w projektu 21.03.2022 r. &#8211; 25.03.2022 r.<\/strong><br>Relacja z wizyty w Zachodniopomorskim Uniwersytecie Technologicznym w Szczecinie. \u0179r\u00f3d\u0142o: Radio Szczecin (wideo i zdj\u0119cia)<\/p>\n\n\n\n<p><a href=\"https:\/\/radioszczecin.pl\/1,437363,energia-min-z-glonow-miedzynarodowy-projekt-w-sz?fbclid=IwAR14xpJMaJGzXpPMOnr7t_2WHtrvb4cUveB0MBnXLEYxg2fbkNHIjxTDD6Q\">https:\/\/radioszczecin.pl\/1,437363,energia-min-z-glonow-miedzynarodowy-projekt-w-sz?fbclid=IwAR14xpJMaJGzXpPMOnr7t_2WHtrvb4cUveB0MBnXLEYxg2fbkNHIjxTDD6Q<\/a><\/p>\n\n\n\n<hr class=\"wp-block-separator\"\/>\n\n\n\n<p><strong>O poniedzia\u0142ku, b\u0119dziemy go\u015bci\u0107 w szkole uczestnik\u00f3w projektu Erasmus+ Science Across Europe. Wsp\u00f3lny projekt szk\u00f3\u0142 z Niemiec, Hiszpanii, Norwegii oraz naszej doczeka\u0142 si\u0119 spotkania na \u017cywo<\/strong> <img loading=\"lazy\" decoding=\"async\" alt=\"\ud83d\ude42\" src=\"https:\/\/static.xx.fbcdn.net\/images\/emoji.php\/v9\/ta5\/1.5\/16\/1f642.png\" width=\"16\" height=\"16\"> Przypomnijmy sobie ostanie spotkanie, kt\u00f3rego gospodarzem byli Niemcy &#8211; spotkanie online <strong>18-22 pa\u017adziernika 2021<\/strong>.<br>W 2021 roku po 2 letnim okresie zawieszenia, z powodu pandemii Covid-19, zosta\u0142 wznowiony nasz projekt. Niestety warunki epidemiczne nie pozwoli\u0142y nam spotka\u0107 na \u017cywo i zaplanowane spotkanie w Niemczech odby\u0142o si\u0119 online. Niestety brakowa\u0142o rozm\u00f3w na \u017cywo i spotka\u0144, dzi\u0119ki kt\u00f3rym mogliby\u015bmy si\u0119 lepiej pozna\u0107. Zrealizowali\u015bmy jednak tematyk\u0119 energii wiatru dzi\u0119ki wideokonferencjom, przygotowywaniem tematycznych plansz w zespo\u0142ach mi\u0119dzynarodowych oraz budowaniu wiatrak\u00f3w, kumuluj\u0105cych energi\u0119 wiatru. Aby uzyska\u0107 jej jak najwi\u0119cej udali\u015bmy si\u0119 na dach budynku naszej szko\u0142y, co dostarczy\u0142o nam dodatkowych emocji. Efektem ko\u0144cowym tego etapu projektu by\u0142o samodzielne skonstruowanie pojazdu zasilanego energi\u0105 wiatru. Jak trudne by\u0142o to w realizacji prezentuj\u0105 nasze filmiki.<\/p>\n\n\n\n<div class=\"wp-block-image\"><figure class=\"alignleft size-large is-resized\"><img loading=\"lazy\" decoding=\"async\" src=\"http:\/\/lo1.szczecin.pl\/wp-content\/uploads\/2022\/03\/bf950447a_opt.jpeg\" alt=\"\" class=\"wp-image-4868\" width=\"422\" height=\"317\" srcset=\"https:\/\/lo1.szczecin.pl\/wp-content\/uploads\/2022\/03\/bf950447a_opt.jpeg 533w, https:\/\/lo1.szczecin.pl\/wp-content\/uploads\/2022\/03\/bf950447a_opt-300x225.jpeg 300w\" sizes=\"auto, (max-width: 422px) 100vw, 422px\" \/><\/figure><\/div>\n\n\n\n<hr class=\"wp-block-separator\"\/>\n\n\n\n<p><\/p>\n\n\n\n<div class=\"wp-block-image\"><figure class=\"alignright size-large is-resized\"><img loading=\"lazy\" decoding=\"async\" src=\"http:\/\/lo1.szczecin.pl\/wp-content\/uploads\/2022\/03\/20211019_1421581-1024x768.jpg\" alt=\"\" class=\"wp-image-4869\" width=\"360\" height=\"270\" srcset=\"https:\/\/lo1.szczecin.pl\/wp-content\/uploads\/2022\/03\/20211019_1421581-1024x768.jpg 1024w, https:\/\/lo1.szczecin.pl\/wp-content\/uploads\/2022\/03\/20211019_1421581-300x225.jpg 300w, https:\/\/lo1.szczecin.pl\/wp-content\/uploads\/2022\/03\/20211019_1421581-768x576.jpg 768w, https:\/\/lo1.szczecin.pl\/wp-content\/uploads\/2022\/03\/20211019_1421581-1536x1152.jpg 1536w, https:\/\/lo1.szczecin.pl\/wp-content\/uploads\/2022\/03\/20211019_1421581-2048x1536.jpg 2048w\" sizes=\"auto, (max-width: 360px) 100vw, 360px\" \/><\/figure><\/div>\n\n\n\n<div class=\"wp-block-image\"><figure class=\"alignleft size-large is-resized\"><img loading=\"lazy\" decoding=\"async\" src=\"http:\/\/lo1.szczecin.pl\/wp-content\/uploads\/2022\/03\/20211019_135226-768x1024.jpg\" alt=\"\" class=\"wp-image-4870\" width=\"302\" height=\"403\" srcset=\"https:\/\/lo1.szczecin.pl\/wp-content\/uploads\/2022\/03\/20211019_135226-768x1024.jpg 768w, https:\/\/lo1.szczecin.pl\/wp-content\/uploads\/2022\/03\/20211019_135226-225x300.jpg 225w, https:\/\/lo1.szczecin.pl\/wp-content\/uploads\/2022\/03\/20211019_135226-1152x1536.jpg 1152w, https:\/\/lo1.szczecin.pl\/wp-content\/uploads\/2022\/03\/20211019_135226-1536x2048.jpg 1536w, https:\/\/lo1.szczecin.pl\/wp-content\/uploads\/2022\/03\/20211019_135226-scaled.jpg 1920w\" sizes=\"auto, (max-width: 302px) 100vw, 302px\" \/><\/figure><\/div>\n\n\n\n<p><\/p>\n\n\n\n<p><\/p>\n\n\n\n<p><\/p>\n\n\n\n<p><\/p>\n\n\n\n<figure class=\"wp-block-image size-large\"><img loading=\"lazy\" decoding=\"async\" width=\"1024\" height=\"768\" src=\"http:\/\/lo1.szczecin.pl\/wp-content\/uploads\/2022\/03\/20211019_135101-1024x768.jpg\" alt=\"\" class=\"wp-image-4871\" srcset=\"https:\/\/lo1.szczecin.pl\/wp-content\/uploads\/2022\/03\/20211019_135101-1024x768.jpg 1024w, https:\/\/lo1.szczecin.pl\/wp-content\/uploads\/2022\/03\/20211019_135101-300x225.jpg 300w, https:\/\/lo1.szczecin.pl\/wp-content\/uploads\/2022\/03\/20211019_135101-768x576.jpg 768w, https:\/\/lo1.szczecin.pl\/wp-content\/uploads\/2022\/03\/20211019_135101-1536x1152.jpg 1536w, https:\/\/lo1.szczecin.pl\/wp-content\/uploads\/2022\/03\/20211019_135101-2048x1536.jpg 2048w\" sizes=\"auto, (max-width: 1024px) 100vw, 1024px\" \/><\/figure>\n\n\n\n<figure class=\"wp-block-image size-large\"><img loading=\"lazy\" decoding=\"async\" width=\"1024\" height=\"768\" src=\"http:\/\/lo1.szczecin.pl\/wp-content\/uploads\/2022\/03\/IMG_20211018_124958-1024x768.jpg\" alt=\"\" class=\"wp-image-4873\" srcset=\"https:\/\/lo1.szczecin.pl\/wp-content\/uploads\/2022\/03\/IMG_20211018_124958-1024x768.jpg 1024w, https:\/\/lo1.szczecin.pl\/wp-content\/uploads\/2022\/03\/IMG_20211018_124958-300x225.jpg 300w, https:\/\/lo1.szczecin.pl\/wp-content\/uploads\/2022\/03\/IMG_20211018_124958-768x576.jpg 768w, https:\/\/lo1.szczecin.pl\/wp-content\/uploads\/2022\/03\/IMG_20211018_124958-1536x1152.jpg 1536w, https:\/\/lo1.szczecin.pl\/wp-content\/uploads\/2022\/03\/IMG_20211018_124958-2048x1536.jpg 2048w\" sizes=\"auto, (max-width: 1024px) 100vw, 1024px\" \/><\/figure>\n\n\n\n<figure class=\"wp-block-image size-large\"><img loading=\"lazy\" decoding=\"async\" width=\"1024\" height=\"768\" src=\"http:\/\/lo1.szczecin.pl\/wp-content\/uploads\/2022\/03\/20211019_135319-1-1024x768.jpg\" alt=\"\" class=\"wp-image-4875\" srcset=\"https:\/\/lo1.szczecin.pl\/wp-content\/uploads\/2022\/03\/20211019_135319-1-1024x768.jpg 1024w, https:\/\/lo1.szczecin.pl\/wp-content\/uploads\/2022\/03\/20211019_135319-1-300x225.jpg 300w, https:\/\/lo1.szczecin.pl\/wp-content\/uploads\/2022\/03\/20211019_135319-1-768x576.jpg 768w, https:\/\/lo1.szczecin.pl\/wp-content\/uploads\/2022\/03\/20211019_135319-1-1536x1152.jpg 1536w, https:\/\/lo1.szczecin.pl\/wp-content\/uploads\/2022\/03\/20211019_135319-1-2048x1536.jpg 2048w\" sizes=\"auto, (max-width: 1024px) 100vw, 1024px\" \/><\/figure>\n\n\n\n<hr class=\"wp-block-separator\"\/>\n\n\n\n<p><strong>Uczniowie naszej szko\u0142y przyst\u0105pili do projektu Erasmus+ \u201eScience Across Europe\u201d,<\/strong> kt\u00f3rego celem jest szerzenie informacji dotycz\u0105cych \u017ar\u00f3de\u0142 energii odnawialnych w krajach partnerskich. Pracujemy z m\u0142odzie\u017c\u0105 z Hiszpanii, Niemiec i Norwegii. <br>W dniach 10.11-16.11 uczniowie z klas 2a i 2b wyjechali do Hiszpanii, gdzie uczyli si\u0119 \u2013 pracuj\u0105c w mi\u0119dzynarodowych grupach i uczestniczyli w r\u00f3\u017cnych prelekcjach \u2013 wszystkiego co dotyczy energii s\u0142onecznej. Ca\u0142\u0105 grup\u0119 projektow\u0105 b\u0119dziemy go\u015bci\u0107 w naszym liceum ju\u017c w kwietniu.<\/p>\n\n\n\n<figure class=\"wp-block-image size-large\"><img loading=\"lazy\" decoding=\"async\" width=\"1024\" height=\"769\" src=\"http:\/\/lo1.szczecin.pl\/wp-content\/uploads\/2019\/11\/74836799_2498493097092014_5928030259847888896_o-1024x769.jpg\" alt=\"\" class=\"wp-image-3268\" srcset=\"https:\/\/lo1.szczecin.pl\/wp-content\/uploads\/2019\/11\/74836799_2498493097092014_5928030259847888896_o-1024x769.jpg 1024w, https:\/\/lo1.szczecin.pl\/wp-content\/uploads\/2019\/11\/74836799_2498493097092014_5928030259847888896_o-300x225.jpg 300w, https:\/\/lo1.szczecin.pl\/wp-content\/uploads\/2019\/11\/74836799_2498493097092014_5928030259847888896_o-768x577.jpg 768w, https:\/\/lo1.szczecin.pl\/wp-content\/uploads\/2019\/11\/74836799_2498493097092014_5928030259847888896_o.jpg 1440w\" sizes=\"auto, (max-width: 1024px) 100vw, 1024px\" \/><\/figure>\n\n\n\n<hr class=\"wp-block-separator\"\/>\n\n\n\n<h5 class=\"wp-block-heading\">Uwaga! Nab\u00f3r uczestnik\u00f3w projektu ERASMUS+<br><strong>11.10.2019 r. (pi\u0105tek) w sali nr 30 \u2013 d\u0142uga przerwa odb\u0119dzie si\u0119 spotkanie os\u00f3b ch\u0119tnych do wzi\u0119cia udzia\u0142u w projekcie Erasmus + &#8221; Science Across Europe&#8221; w roku szkolnym 2019\/2020. <\/strong><br><strong>Projekt kierowany jest<\/strong>:<br>&#8211; <strong>do uczni\u00f3w klas II i dotyczy odnawialnych \u017ar\u00f3de\u0142 energii. <\/strong><br>&#8211;  <strong>Warunkiem przyst\u0105pienia do projektu jest wykazanie si\u0119 wiedz\u0105 z tego zakresu<\/strong><br>&#8211; <strong> komunikatywna znajomo\u015b\u0107 j\u0119zyka angielskiego.<\/strong><\/h5>\n","protected":false},"excerpt":{"rendered":"<p>Motywem przewodnim projektu Erasmus+ Science Across&nbsp;Europe&nbsp;s\u0105&nbsp;energie odnawialne. Projekt przewiduje wymian\u0119&nbsp;uczni\u00f3w z 4 kraj\u00f3w partnerskich: Hiszpanii, Niemiec, Norwegii oraz Polski. Naszym celem jest&nbsp;zaanga\u017cowanie m\u0142odych ludzi w poznanie zr\u00f3\u017cnicowanych klimat\u00f3w i geografii czterech uczestnicz\u0105cych kraj\u00f3w,&nbsp;u\u015bwiadomienie uczestnikom projektu oraz lokalnej spo\u0142eczno\u015bci potrzeby skupienia si\u0119&nbsp;na&nbsp;istniej\u0105cych metodach tworzenia zr\u00f3wnowa\u017conej energii oraz potrzeby opracowania nowych&nbsp;metod,&nbsp;rozwijanie umiej\u0119tno\u015bci komunikacyjnych i interpersonalnych w mi\u0119dzynarodowej [&hellip;]<\/p>\n","protected":false},"author":1,"featured_media":0,"parent":4817,"menu_order":0,"comment_status":"closed","ping_status":"closed","template":"","meta":{"footnotes":""},"class_list":["post-4821","page","type-page","status-publish","hentry"],"_links":{"self":[{"href":"https:\/\/lo1.szczecin.pl\/index.php\/wp-json\/wp\/v2\/pages\/4821","targetHints":{"allow":["GET"]}}],"collection":[{"href":"https:\/\/lo1.szczecin.pl\/index.php\/wp-json\/wp\/v2\/pages"}],"about":[{"href":"https:\/\/lo1.szczecin.pl\/index.php\/wp-json\/wp\/v2\/types\/page"}],"author":[{"embeddable":true,"href":"https:\/\/lo1.szczecin.pl\/index.php\/wp-json\/wp\/v2\/users\/1"}],"replies":[{"embeddable":true,"href":"https:\/\/lo1.szczecin.pl\/index.php\/wp-json\/wp\/v2\/comments?post=4821"}],"version-history":[{"count":12,"href":"https:\/\/lo1.szczecin.pl\/index.php\/wp-json\/wp\/v2\/pages\/4821\/revisions"}],"predecessor-version":[{"id":4889,"href":"https:\/\/lo1.szczecin.pl\/index.php\/wp-json\/wp\/v2\/pages\/4821\/revisions\/4889"}],"up":[{"embeddable":true,"href":"https:\/\/lo1.szczecin.pl\/index.php\/wp-json\/wp\/v2\/pages\/4817"}],"wp:attachment":[{"href":"https:\/\/lo1.szczecin.pl\/index.php\/wp-json\/wp\/v2\/media?parent=4821"}],"curies":[{"name":"wp","href":"https:\/\/api.w.org\/{rel}","templated":true}]}}