{"id":51,"date":"2017-02-07T12:27:19","date_gmt":"2017-02-07T11:27:19","guid":{"rendered":"http:\/\/serwer1646903.home.pl\/lo1\/?page_id=51"},"modified":"2025-08-05T09:48:03","modified_gmt":"2025-08-05T07:48:03","slug":"podreczniki","status":"publish","type":"page","link":"https:\/\/lo1.szczecin.pl\/index.php\/dla-uczniow\/podreczniki\/","title":{"rendered":"Podr\u0119czniki"},"content":{"rendered":"<h3><strong>Wykaz podr\u0119cznik\u00f3w obowi\u0105zuj\u0105cych w roku szkolnym 2025\/2026<\/strong><\/h3>\n<p><strong>KLASY PIERWSZE &#8211; <a href=\"https:\/\/lo1.szczecin.pl\/wp-content\/uploads\/2025\/07\/Podreczniki-KL-I-25-26.pdf\">Podr\u0119czniki KL I 25-26<\/a><br \/>KLASY DRUGIE &#8211; <a href=\"https:\/\/lo1.szczecin.pl\/wp-content\/uploads\/2025\/08\/Podreczniki-KL-II-25-26.pdf\">Podr\u0119czniki KL II 25-26<\/a><br \/>KLASY TRZECIE &#8211; <a href=\"https:\/\/lo1.szczecin.pl\/wp-content\/uploads\/2025\/08\/Podreczniki-KL-III-25-26.pdf\">Podr\u0119czniki KL III 25-26<\/a><br \/>KLASY CZWARTE <\/strong><strong>&#8211; <a href=\"https:\/\/lo1.szczecin.pl\/wp-content\/uploads\/2025\/08\/Podreczniki-kl.-IV-25-26.pdf\">Podr\u0119czniki KL IV 25-26<\/a><\/strong><\/p>\n<p><strong>\u00a0<\/strong><\/p>\n\n\n<p><\/p>\n","protected":false},"excerpt":{"rendered":"<p>Wykaz podr\u0119cznik\u00f3w obowi\u0105zuj\u0105cych w roku szkolnym 2025\/2026 KLASY PIERWSZE &#8211; Podr\u0119czniki KL I 25-26KLASY DRUGIE &#8211; Podr\u0119czniki KL II 25-26KLASY TRZECIE &#8211; Podr\u0119czniki KL III 25-26KLASY CZWARTE &#8211; Podr\u0119czniki KL IV 25-26 \u00a0<\/p>\n","protected":false},"author":1,"featured_media":0,"parent":10,"menu_order":0,"comment_status":"closed","ping_status":"closed","template":"","meta":{"footnotes":""},"class_list":["post-51","page","type-page","status-publish","hentry"],"_links":{"self":[{"href":"https:\/\/lo1.szczecin.pl\/index.php\/wp-json\/wp\/v2\/pages\/51","targetHints":{"allow":["GET"]}}],"collection":[{"href":"https:\/\/lo1.szczecin.pl\/index.php\/wp-json\/wp\/v2\/pages"}],"about":[{"href":"https:\/\/lo1.szczecin.pl\/index.php\/wp-json\/wp\/v2\/types\/page"}],"author":[{"embeddable":true,"href":"https:\/\/lo1.szczecin.pl\/index.php\/wp-json\/wp\/v2\/users\/1"}],"replies":[{"embeddable":true,"href":"https:\/\/lo1.szczecin.pl\/index.php\/wp-json\/wp\/v2\/comments?post=51"}],"version-history":[{"count":61,"href":"https:\/\/lo1.szczecin.pl\/index.php\/wp-json\/wp\/v2\/pages\/51\/revisions"}],"predecessor-version":[{"id":7657,"href":"https:\/\/lo1.szczecin.pl\/index.php\/wp-json\/wp\/v2\/pages\/51\/revisions\/7657"}],"up":[{"embeddable":true,"href":"https:\/\/lo1.szczecin.pl\/index.php\/wp-json\/wp\/v2\/pages\/10"}],"wp:attachment":[{"href":"https:\/\/lo1.szczecin.pl\/index.php\/wp-json\/wp\/v2\/media?parent=51"}],"curies":[{"name":"wp","href":"https:\/\/api.w.org\/{rel}","templated":true}]}}