{"id":5192,"date":"2022-08-12T10:57:11","date_gmt":"2022-08-12T08:57:11","guid":{"rendered":"http:\/\/lo1.szczecin.pl\/?page_id=5192"},"modified":"2022-08-18T12:09:56","modified_gmt":"2022-08-18T10:09:56","slug":"wymiana-grecja","status":"publish","type":"page","link":"https:\/\/lo1.szczecin.pl\/index.php\/erasmus\/projekt-sui-palchi-di-scuola\/wymiana-grecja\/","title":{"rendered":"Mobility Erasmus Plus Grecja"},"content":{"rendered":"\n<div class=\"wp-block-image\"><figure class=\"alignleft size-large\"><img loading=\"lazy\" decoding=\"async\" width=\"300\" height=\"126\" src=\"http:\/\/lo1.szczecin.pl\/wp-content\/uploads\/2022\/08\/logo-Erasmus-300x126-1.jpg\" alt=\"\" class=\"wp-image-5214\"\/><\/figure><\/div>\n\n\n\n<figure class=\"wp-block-image size-large is-resized\"><img loading=\"lazy\" decoding=\"async\" src=\"http:\/\/lo1.szczecin.pl\/wp-content\/uploads\/2022\/08\/Zdecie-Logo-projektu-1.jpg\" alt=\"\" class=\"wp-image-5216\" width=\"257\" height=\"278\" srcset=\"https:\/\/lo1.szczecin.pl\/wp-content\/uploads\/2022\/08\/Zdecie-Logo-projektu-1.jpg 436w, https:\/\/lo1.szczecin.pl\/wp-content\/uploads\/2022\/08\/Zdecie-Logo-projektu-1-277x300.jpg 277w\" sizes=\"auto, (max-width: 257px) 100vw, 257px\" \/><\/figure>\n\n\n\n<p><strong>MOBILITY \u2013 ERASMUS PLUS &#8211; SALONIKI (GRECJA)<\/strong><\/p>\n\n\n\n<div class=\"wp-block-file\"><a href=\"http:\/\/lo1.szczecin.pl\/wp-content\/uploads\/2022\/08\/Program-Grecia-2022-C-8.pdf\"><strong>Program-Grecia-2022<\/strong><\/a><a href=\"http:\/\/lo1.szczecin.pl\/wp-content\/uploads\/2022\/08\/Program-Grecia-2022-C-8.pdf\" class=\"wp-block-file__button\" download>Pobierz<\/a><\/div>\n\n\n\n<p><strong>W DNIACH&nbsp; 06 \u2013 12 KWIETNIA 2022&nbsp;&nbsp;LTTA Progetto &#8211;&nbsp; \u201e Sui palchi di scuola\u201d &#8211; KA 229 2019-1-IT02-KA229-062311_5<\/strong><\/p>\n\n\n\n<p><strong>Temat: Teatr jako miejsce do wyra\u017cania my\u015bli i uczu\u0107<\/strong><\/p>\n\n\n\n<p><strong>&nbsp;&nbsp;&nbsp;&nbsp;&nbsp; To spotkanie europejskich partner\u00f3w z 6 lice\u00f3w odby\u0142o si\u0119 w dniach 6-12 kwietnia 2022. Szko\u0142a organizuj\u0105ca meeting czyli Liceum z Oreokastro&nbsp; bardzo szczeg\u00f3\u0142owo przygotowa\u0142a program pobytu. Powitanie na dziedzi\u0144cu szko\u0142y oraz wsp\u00f3lny tradycyjny grecki taniec m\u0142odzie\u017cy zapocz\u0105tkowa\u0142y przyja\u017anie oraz wsp\u00f3\u0142prac\u0119 mi\u0119dzy nimi. W\u015br\u00f3d uczni\u00f3w i nauczycieli tego liceum panuje nastr\u00f3j wyrozumia\u0142o\u015bci, wsparcia i szacunku, kt\u00f3ry wynika z kultury \u015br\u00f3dziemnomorskiej.<\/strong><\/p>\n\n\n\n<p><strong>&nbsp;&nbsp;&nbsp;&nbsp; Ka\u017cdego dnia, zgodnie ze zwyczajem spotka\u0144 projektowych odbywa\u0142y si\u0119 warsztaty teatralne prowadzone i przygotowane przez re\u017cysera Alessandro Fiorella. Tym razem zaproponowa\u0142 on teksty z r\u00f3\u017cnych tragedii klasycznych m\u00f3wi\u0105ce o bezsensownej wojnie, kt\u00f3ra wyniszcza i upokarza. Dzi\u0119ki temu do\u015bwiadczeniu m\u0142odzie\u017c interpretuj\u0105c te g\u0142\u0119bokie my\u015bli autor\u00f3w zbli\u017cy\u0142a si\u0119 do siebie, a publiczno\u015b\u0107 odczu\u0142a tragizm odgrywanych sytuacji. Produkt finalny zosta\u0142 zagrany na scenie teatru Olympion w Salonikach.<\/strong><strong><\/strong><\/p>\n\n\n\n<p><strong>&nbsp;&nbsp;&nbsp;&nbsp;&nbsp;&nbsp;&nbsp; Opr\u00f3cz zaj\u0119\u0107 koordynator\u00f3w nad dokumentacj\u0105 oraz laboratori\u00f3w teatralnych dla m\u0142odzie\u017cy pojechali\u015bmy w pobli\u017ce g\u00f3ry Olimp aby podziwia\u0107 wodospady, bia\u0142e szczyty b\u0119d\u0105ce cz\u0119\u015bci\u0105 Parku Narodowego. Do cz\u0119\u015bci poznawczej Grecji nale\u017ca\u0142a r\u00f3wnie\u017c wizyta w Verginie wraz z zwiedzaniem Museum of Royal Tombs of Aigai. Przed wyjazdem zorganizowano wsp\u00f3lny spacer po Salonikach z wizyt\u0105 w Muzeum Archeologicznym.<\/strong><\/p>\n\n\n\n<div class=\"wp-block-image\"><figure class=\"aligncenter size-large is-resized\"><img loading=\"lazy\" decoding=\"async\" src=\"http:\/\/lo1.szczecin.pl\/wp-content\/uploads\/2022\/08\/Plakat_Festival_Grecia-2022-mC-8-724x1024.jpg\" alt=\"\" class=\"wp-image-5266\" width=\"446\" height=\"630\" srcset=\"https:\/\/lo1.szczecin.pl\/wp-content\/uploads\/2022\/08\/Plakat_Festival_Grecia-2022-mC-8-724x1024.jpg 724w, https:\/\/lo1.szczecin.pl\/wp-content\/uploads\/2022\/08\/Plakat_Festival_Grecia-2022-mC-8-212x300.jpg 212w, https:\/\/lo1.szczecin.pl\/wp-content\/uploads\/2022\/08\/Plakat_Festival_Grecia-2022-mC-8-768x1086.jpg 768w, https:\/\/lo1.szczecin.pl\/wp-content\/uploads\/2022\/08\/Plakat_Festival_Grecia-2022-mC-8.jpg 905w\" sizes=\"auto, (max-width: 446px) 100vw, 446px\" \/><\/figure><\/div>\n\n\n\n<div class=\"wp-block-image\"><figure class=\"aligncenter size-large\"><img loading=\"lazy\" decoding=\"async\" width=\"1024\" height=\"498\" src=\"http:\/\/lo1.szczecin.pl\/wp-content\/uploads\/2022\/08\/Zdjecie2_Grecia-C-8-1024x498.jpg\" alt=\"\" class=\"wp-image-5267\" srcset=\"https:\/\/lo1.szczecin.pl\/wp-content\/uploads\/2022\/08\/Zdjecie2_Grecia-C-8-1024x498.jpg 1024w, https:\/\/lo1.szczecin.pl\/wp-content\/uploads\/2022\/08\/Zdjecie2_Grecia-C-8-300x146.jpg 300w, https:\/\/lo1.szczecin.pl\/wp-content\/uploads\/2022\/08\/Zdjecie2_Grecia-C-8-768x373.jpg 768w, https:\/\/lo1.szczecin.pl\/wp-content\/uploads\/2022\/08\/Zdjecie2_Grecia-C-8-1536x746.jpg 1536w, https:\/\/lo1.szczecin.pl\/wp-content\/uploads\/2022\/08\/Zdjecie2_Grecia-C-8-2048x995.jpg 2048w\" sizes=\"auto, (max-width: 1024px) 100vw, 1024px\" \/><\/figure><\/div>\n\n\n\n<div class=\"wp-block-image\"><figure class=\"aligncenter size-large\"><img loading=\"lazy\" decoding=\"async\" width=\"1024\" height=\"498\" src=\"http:\/\/lo1.szczecin.pl\/wp-content\/uploads\/2022\/08\/zdjecie-grupy-Grecja-C-8-1024x498.jpg\" alt=\"\" class=\"wp-image-5270\" srcset=\"https:\/\/lo1.szczecin.pl\/wp-content\/uploads\/2022\/08\/zdjecie-grupy-Grecja-C-8-1024x498.jpg 1024w, https:\/\/lo1.szczecin.pl\/wp-content\/uploads\/2022\/08\/zdjecie-grupy-Grecja-C-8-300x146.jpg 300w, https:\/\/lo1.szczecin.pl\/wp-content\/uploads\/2022\/08\/zdjecie-grupy-Grecja-C-8-768x374.jpg 768w, https:\/\/lo1.szczecin.pl\/wp-content\/uploads\/2022\/08\/zdjecie-grupy-Grecja-C-8-1536x747.jpg 1536w, https:\/\/lo1.szczecin.pl\/wp-content\/uploads\/2022\/08\/zdjecie-grupy-Grecja-C-8-2048x996.jpg 2048w\" sizes=\"auto, (max-width: 1024px) 100vw, 1024px\" \/><\/figure><\/div>\n\n\n\n<figure class=\"wp-block-embed-youtube wp-block-embed is-type-video is-provider-youtube wp-embed-aspect-16-9 wp-has-aspect-ratio\"><div class=\"wp-block-embed__wrapper\">\n<iframe loading=\"lazy\" title=\"&quot;SUI PALCHI DI SCUOLA&quot; Part 3, \u03c0\u03b1\u03c1\u03ac\u03c3\u03c4\u03b1\u03c3\u03b7 \u03b8\u03b5\u03b1\u03c4\u03c1\u03b9\u03ba\u03ae\u03c2 \u03bf\u03bc\u03ac\u03b4\u03b1\u03c2 6 \u03c3\u03c7\u03bf\u03bb\u03b5\u03af\u03c9\u03bd,\" width=\"648\" height=\"365\" src=\"https:\/\/www.youtube.com\/embed\/4sAUdIel1xE?feature=oembed\" frameborder=\"0\" allow=\"accelerometer; autoplay; clipboard-write; encrypted-media; gyroscope; picture-in-picture; web-share\" referrerpolicy=\"strict-origin-when-cross-origin\" allowfullscreen><\/iframe>\n<\/div><\/figure>\n\n\n\n<figure class=\"wp-block-embed-youtube wp-block-embed is-type-video is-provider-youtube wp-embed-aspect-16-9 wp-has-aspect-ratio\"><div class=\"wp-block-embed__wrapper\">\n<iframe loading=\"lazy\" title=\"&quot;SUI PALCHI DI SCUOLA&quot; Part 1, \u03c0\u03b1\u03c1\u03ac\u03c3\u03c4\u03b1\u03c3\u03b7 \u03b8\u03b5\u03b1\u03c4\u03c1\u03b9\u03ba\u03ae\u03c2 \u03bf\u03bc\u03ac\u03b4\u03b1\u03c2 6 \u03c3\u03c7\u03bf\u03bb\u03b5\u03af\u03c9\u03bd,\" width=\"648\" height=\"365\" src=\"https:\/\/www.youtube.com\/embed\/4IaEfdfFDks?feature=oembed\" frameborder=\"0\" allow=\"accelerometer; autoplay; clipboard-write; encrypted-media; gyroscope; picture-in-picture; web-share\" referrerpolicy=\"strict-origin-when-cross-origin\" allowfullscreen><\/iframe>\n<\/div><\/figure>\n\n\n\n<figure class=\"wp-block-embed-youtube wp-block-embed is-type-video is-provider-youtube wp-embed-aspect-16-9 wp-has-aspect-ratio\"><div class=\"wp-block-embed__wrapper\">\n<iframe loading=\"lazy\" title=\"&quot;SUI PALCHI DI SCUOLA&quot; Part 2, \u03c0\u03b1\u03c1\u03ac\u03c3\u03c4\u03b1\u03c3\u03b7 \u03b8\u03b5\u03b1\u03c4\u03c1\u03b9\u03ba\u03ae\u03c2 \u03bf\u03bc\u03ac\u03b4\u03b1\u03c2 6 \u03c3\u03c7\u03bf\u03bb\u03b5\u03af\u03c9\u03bd,\" width=\"648\" height=\"365\" src=\"https:\/\/www.youtube.com\/embed\/YF_FHLASRk8?feature=oembed\" frameborder=\"0\" allow=\"accelerometer; autoplay; clipboard-write; encrypted-media; gyroscope; picture-in-picture; web-share\" referrerpolicy=\"strict-origin-when-cross-origin\" allowfullscreen><\/iframe>\n<\/div><\/figure>\n","protected":false},"excerpt":{"rendered":"<p>MOBILITY \u2013 ERASMUS PLUS &#8211; SALONIKI (GRECJA) W DNIACH&nbsp; 06 \u2013 12 KWIETNIA 2022&nbsp;&nbsp;LTTA Progetto &#8211;&nbsp; \u201e Sui palchi di scuola\u201d &#8211; KA 229 2019-1-IT02-KA229-062311_5 Temat: Teatr jako miejsce do wyra\u017cania my\u015bli i uczu\u0107 &nbsp;&nbsp;&nbsp;&nbsp;&nbsp; To spotkanie europejskich partner\u00f3w z 6 lice\u00f3w odby\u0142o si\u0119 w dniach 6-12 kwietnia 2022. Szko\u0142a organizuj\u0105ca meeting czyli Liceum z [&hellip;]<\/p>\n","protected":false},"author":1,"featured_media":0,"parent":4819,"menu_order":4,"comment_status":"closed","ping_status":"closed","template":"","meta":{"footnotes":""},"class_list":["post-5192","page","type-page","status-publish","hentry"],"_links":{"self":[{"href":"https:\/\/lo1.szczecin.pl\/index.php\/wp-json\/wp\/v2\/pages\/5192","targetHints":{"allow":["GET"]}}],"collection":[{"href":"https:\/\/lo1.szczecin.pl\/index.php\/wp-json\/wp\/v2\/pages"}],"about":[{"href":"https:\/\/lo1.szczecin.pl\/index.php\/wp-json\/wp\/v2\/types\/page"}],"author":[{"embeddable":true,"href":"https:\/\/lo1.szczecin.pl\/index.php\/wp-json\/wp\/v2\/users\/1"}],"replies":[{"embeddable":true,"href":"https:\/\/lo1.szczecin.pl\/index.php\/wp-json\/wp\/v2\/comments?post=5192"}],"version-history":[{"count":5,"href":"https:\/\/lo1.szczecin.pl\/index.php\/wp-json\/wp\/v2\/pages\/5192\/revisions"}],"predecessor-version":[{"id":5310,"href":"https:\/\/lo1.szczecin.pl\/index.php\/wp-json\/wp\/v2\/pages\/5192\/revisions\/5310"}],"up":[{"embeddable":true,"href":"https:\/\/lo1.szczecin.pl\/index.php\/wp-json\/wp\/v2\/pages\/4819"}],"wp:attachment":[{"href":"https:\/\/lo1.szczecin.pl\/index.php\/wp-json\/wp\/v2\/media?parent=5192"}],"curies":[{"name":"wp","href":"https:\/\/api.w.org\/{rel}","templated":true}]}}