{"id":55,"date":"2017-02-07T12:28:43","date_gmt":"2017-02-07T11:28:43","guid":{"rendered":"http:\/\/serwer1646903.home.pl\/lo1\/?page_id=55"},"modified":"2022-09-28T12:09:42","modified_gmt":"2022-09-28T10:09:42","slug":"matura","status":"publish","type":"page","link":"https:\/\/lo1.szczecin.pl\/index.php\/dla-uczniow\/matura\/","title":{"rendered":"Matura"},"content":{"rendered":"<h3><strong>Egzamin maturalny 2023<\/strong><\/h3>\n<hr \/>\n<h5><strong>Prosimy maturzyst\u00f3w o zapoznanie si\u0119 z:<br \/>\n<\/strong><\/h5>\n<ul>\n<li><strong><strong>Informacj\u0105 o sposobie organizacji i przeprowadzania EGZAMINU MATURALNEGO obowi\u0105zuj\u0105c\u0105 w roku szkolnym 2022\/23<br \/>\n<a href=\"http:\/\/lo1.szczecin.pl\/wp-content\/uploads\/2022\/09\/20220919-EM-2023-Informacja-P22.pdf\">EM 2023 Informacja<\/a><br \/>\n<\/strong><\/strong><\/p>\n<hr \/>\n<\/li>\n<li><strong>Harmonogram egzaminu maturalnego:<br \/>\nPRZECZYTAJ!<\/strong> <strong>EM Komunikat o harmonogramie 2023<br \/>\n<\/strong><a href=\"https:\/\/cke.gov.pl\/egzamin-maturalny\/egzamin-maturalny-w-formule-2023\/harmonogram-komunikaty-i-informacje\/\"><strong>https:\/\/cke.gov.pl\/egzamin-maturalny\/egzamin-maturalny-w-formule-2023\/harmonogram-komunikaty-i-informacje\/<\/strong><\/a><\/p>\n<hr \/>\n<\/li>\n<li><strong>Komunikat CKE o dostosowaniach egzaminu :<br \/>\n<\/strong><strong><a href=\"http:\/\/lo1.szczecin.pl\/wp-content\/uploads\/2022\/09\/20220819-EM-2023-Komunikat-o-dostosowaniach2.pdf\">EM 2023 Komunikat o dostosowaniach<\/a><\/strong><\/li>\n<\/ul>\n<hr \/>\n<ul>\n<li><strong><strong>Komunikat CKE o materia\u0142ach i przyborach pomocniczych w 2023<br \/>\n<a href=\"http:\/\/lo1.szczecin.pl\/wp-content\/uploads\/2022\/09\/20220819-E8_EM-2023-Komunikat-o-przyborach.pdf\">EM 2023 Komunikat o przyborach<\/a><br \/>\n<\/strong><\/strong><\/p>\n<hr \/>\n<\/li>\n<\/ul>\n<h3>Wa\u017cne adresy i telefony:<\/h3>\n<p><a href=\"https:\/\/www.cke.edu.pl\/\">https:\/\/www.cke.edu.pl\/<\/a><br \/>\ntel. +48 022 53 66 500, e-mail sekretariat@cke.gov.pl<br \/>\nul. J\u00f3zefa Lewartowskiego 6, 00-190 Warszawa<\/p>\n<p><a href=\"http:\/\/www.oke.poznan.pl\/\">http:\/\/www.oke.poznan.pl\/<\/a><br \/>\ntel. 061 845 01 60<br \/>\nul. Gronowa 22, 61-655 Pozna\u0144<\/p>\n<hr \/>\n","protected":false},"excerpt":{"rendered":"<p>Egzamin maturalny 2023 Prosimy maturzyst\u00f3w o zapoznanie si\u0119 z: Informacj\u0105 o sposobie organizacji i przeprowadzania EGZAMINU MATURALNEGO obowi\u0105zuj\u0105c\u0105 w roku szkolnym 2022\/23 EM 2023 Informacja Harmonogram egzaminu maturalnego: PRZECZYTAJ! EM Komunikat o harmonogramie 2023 https:\/\/cke.gov.pl\/egzamin-maturalny\/egzamin-maturalny-w-formule-2023\/harmonogram-komunikaty-i-informacje\/ Komunikat CKE o dostosowaniach egzaminu : EM 2023 Komunikat o dostosowaniach Komunikat CKE o materia\u0142ach i przyborach pomocniczych w 2023 [&hellip;]<\/p>\n","protected":false},"author":1,"featured_media":0,"parent":10,"menu_order":4,"comment_status":"closed","ping_status":"closed","template":"","meta":{"footnotes":""},"class_list":["post-55","page","type-page","status-publish","hentry"],"_links":{"self":[{"href":"https:\/\/lo1.szczecin.pl\/index.php\/wp-json\/wp\/v2\/pages\/55","targetHints":{"allow":["GET"]}}],"collection":[{"href":"https:\/\/lo1.szczecin.pl\/index.php\/wp-json\/wp\/v2\/pages"}],"about":[{"href":"https:\/\/lo1.szczecin.pl\/index.php\/wp-json\/wp\/v2\/types\/page"}],"author":[{"embeddable":true,"href":"https:\/\/lo1.szczecin.pl\/index.php\/wp-json\/wp\/v2\/users\/1"}],"replies":[{"embeddable":true,"href":"https:\/\/lo1.szczecin.pl\/index.php\/wp-json\/wp\/v2\/comments?post=55"}],"version-history":[{"count":48,"href":"https:\/\/lo1.szczecin.pl\/index.php\/wp-json\/wp\/v2\/pages\/55\/revisions"}],"predecessor-version":[{"id":5495,"href":"https:\/\/lo1.szczecin.pl\/index.php\/wp-json\/wp\/v2\/pages\/55\/revisions\/5495"}],"up":[{"embeddable":true,"href":"https:\/\/lo1.szczecin.pl\/index.php\/wp-json\/wp\/v2\/pages\/10"}],"wp:attachment":[{"href":"https:\/\/lo1.szczecin.pl\/index.php\/wp-json\/wp\/v2\/media?parent=55"}],"curies":[{"name":"wp","href":"https:\/\/api.w.org\/{rel}","templated":true}]}}