{"id":6745,"date":"2024-04-10T17:56:04","date_gmt":"2024-04-10T15:56:04","guid":{"rendered":"https:\/\/lo1.szczecin.pl\/?page_id=6745"},"modified":"2025-03-18T10:27:11","modified_gmt":"2025-03-18T09:27:11","slug":"monografia","status":"publish","type":"page","link":"https:\/\/lo1.szczecin.pl\/index.php\/jubileusz-80-lecia-szkoly\/monografia\/","title":{"rendered":"Monografia"},"content":{"rendered":"\n<p>Osoby zainteresowane nabyciem monografii Jubileuszowej z tytu\u0142u 80-lecia I LO, prosimy o dokonanie wp\u0142aty w wysoko\u015bci <strong>100 <\/strong>z\u0142 na podane konto:<\/p>\n\n\n\n<p><strong>PKO BP SA Oddzia\u0142 4 w Szczecinie<\/strong><br><strong>Jedynka Stowarzyszenie im. Janiny Szczerskiej przy I Liceum Og\u00f3lnokszta\u0142c\u0105cym<\/strong> <strong>al. Piast\u00f3w 12, 70-331 Szczecin<\/strong><br><strong>Nr rachunku: 74 1440 1387 0000 0000 1247 8542<\/strong><br><strong>z dopiskiem <\/strong>Monografia, imi\u0119 i nazwisko<\/p>\n\n\n\n<hr class=\"wp-block-separator has-alpha-channel-opacity\"\/>\n\n\n\n<p>Pragniemy podkre\u015bli\u0107, \u017ce Monografia to publikacja Jubileuszowa pod tytu\u0142em &#8222;Historia we wspomnieniach &#8211; fakty w przypisach&#8221; jest warto\u015bciowa merytorycznie z nadanym numerem ISBN. Jest to publikacja profesjonalna, recenzowana publikacja zwarta, egzemplarz obowi\u0105zkowy dla wszystkich Bibliotek Publicznych. Autorstwa  p. Miros\u0142awy Piaskowskiej-Majzel, a publikacje przygotowuje zesp\u00f3\u0142 redakcyjny pod kierunkiem Jolanty Obuchowicz.<\/p>\n","protected":false},"excerpt":{"rendered":"<p>Osoby zainteresowane nabyciem monografii Jubileuszowej z tytu\u0142u 80-lecia I LO, prosimy o dokonanie wp\u0142aty w wysoko\u015bci 100 z\u0142 na podane konto: PKO BP SA Oddzia\u0142 4 w SzczecinieJedynka Stowarzyszenie im. Janiny Szczerskiej przy I Liceum Og\u00f3lnokszta\u0142c\u0105cym al. Piast\u00f3w 12, 70-331 SzczecinNr rachunku: 74 1440 1387 0000 0000 1247 8542z dopiskiem Monografia, imi\u0119 i nazwisko Pragniemy [&hellip;]<\/p>\n","protected":false},"author":1,"featured_media":0,"parent":6738,"menu_order":2,"comment_status":"closed","ping_status":"closed","template":"","meta":{"footnotes":""},"class_list":["post-6745","page","type-page","status-publish","hentry"],"_links":{"self":[{"href":"https:\/\/lo1.szczecin.pl\/index.php\/wp-json\/wp\/v2\/pages\/6745","targetHints":{"allow":["GET"]}}],"collection":[{"href":"https:\/\/lo1.szczecin.pl\/index.php\/wp-json\/wp\/v2\/pages"}],"about":[{"href":"https:\/\/lo1.szczecin.pl\/index.php\/wp-json\/wp\/v2\/types\/page"}],"author":[{"embeddable":true,"href":"https:\/\/lo1.szczecin.pl\/index.php\/wp-json\/wp\/v2\/users\/1"}],"replies":[{"embeddable":true,"href":"https:\/\/lo1.szczecin.pl\/index.php\/wp-json\/wp\/v2\/comments?post=6745"}],"version-history":[{"count":5,"href":"https:\/\/lo1.szczecin.pl\/index.php\/wp-json\/wp\/v2\/pages\/6745\/revisions"}],"predecessor-version":[{"id":7383,"href":"https:\/\/lo1.szczecin.pl\/index.php\/wp-json\/wp\/v2\/pages\/6745\/revisions\/7383"}],"up":[{"embeddable":true,"href":"https:\/\/lo1.szczecin.pl\/index.php\/wp-json\/wp\/v2\/pages\/6738"}],"wp:attachment":[{"href":"https:\/\/lo1.szczecin.pl\/index.php\/wp-json\/wp\/v2\/media?parent=6745"}],"curies":[{"name":"wp","href":"https:\/\/api.w.org\/{rel}","templated":true}]}}