{"id":6747,"date":"2024-04-10T17:56:58","date_gmt":"2024-04-10T15:56:58","guid":{"rendered":"https:\/\/lo1.szczecin.pl\/?page_id=6747"},"modified":"2025-08-07T10:52:43","modified_gmt":"2025-08-07T08:52:43","slug":"bal-absolwentow","status":"publish","type":"page","link":"https:\/\/lo1.szczecin.pl\/index.php\/jubileusz-80-lecia-szkoly\/bal-absolwentow\/","title":{"rendered":"Bal absolwent\u00f3w"},"content":{"rendered":"\n<hr class=\"wp-block-separator has-alpha-channel-opacity\"\/>\n\n\n\n<p><img loading=\"lazy\" decoding=\"async\" height=\"16\" width=\"16\" src=\"https:\/\/static.xx.fbcdn.net\/images\/emoji.php\/v9\/t77\/1\/16\/203c.png\" alt=\"\u203c\ufe0f\"><img loading=\"lazy\" decoding=\"async\" height=\"16\" width=\"16\" src=\"https:\/\/static.xx.fbcdn.net\/images\/emoji.php\/v9\/t77\/1\/16\/203c.png\" alt=\"\u203c\ufe0f\"><strong> Szanowni Absolwenci<\/strong><\/p>\n\n\n\n<p>Powoli domykamy sprawy organizacyjne zwi\u0105zane z Balem Absolwent\u00f3w z okazji 80-lecia I LO.<\/p>\n\n\n\n<p><img loading=\"lazy\" decoding=\"async\" height=\"16\" width=\"16\" src=\"https:\/\/static.xx.fbcdn.net\/images\/emoji.php\/v9\/t51\/1\/16\/1f449.png\" alt=\"\ud83d\udc49\"> Osoby, kt\u00f3re chcia\u0142yby uczestniczy\u0107 w Balu, mog\u0105 jeszcze dokonywa\u0107 wp\u0142at do 20 sierpnia<\/p>\n\n\n\n<p><img loading=\"lazy\" decoding=\"async\" height=\"16\" width=\"16\" src=\"https:\/\/static.xx.fbcdn.net\/images\/emoji.php\/v9\/t51\/1\/16\/1f449.png\" alt=\"\ud83d\udc49\"> Bardzo prosimy osoby, kt\u00f3re dokona\u0142y ju\u017c wp\u0142aty na Bal, aby poda\u0142y za pomoc\u0105:<br> <img loading=\"lazy\" decoding=\"async\" height=\"16\" width=\"16\" src=\"https:\/\/static.xx.fbcdn.net\/images\/emoji.php\/v9\/tbe\/1\/16\/1f4e7.png\" alt=\"\ud83d\udce7\"> <strong>e-mial: lo1@miasto.szczecin.pl lub <img loading=\"lazy\" decoding=\"async\" height=\"16\" width=\"16\" src=\"https:\/\/static.xx.fbcdn.net\/images\/emoji.php\/v9\/t22\/1\/16\/260e.png\" alt=\"\u260e\ufe0f\"> telefonicznie &#8211; 91 484 18 72 &#8211; rok uko\u0144czenia szko\u0142y.<\/strong><br> Nie dotyczy to tych os\u00f3b, kt\u00f3re wcze\u015bniej wype\u0142ni\u0142y ankiet\u0119 dotycz\u0105c\u0105 wst\u0119pnej deklaracji uczestnictwa w Balu (zamieszczona by\u0142a na stronie I LO).<\/p>\n\n\n\n<p>Zar\u00f3wno dla nas, jak i dla organizator\u00f3w balu jest to wa\u017cna informacja, pozwalaj\u0105ca na przygotowanie sto\u0142\u00f3w dla poszczeg\u00f3lnych rocznik\u00f3w absolwent\u00f3w (stoliki okr\u0105g\u0142e 10-osobowe).<\/p>\n\n\n\n<p>DO ZOBACZENIA JU\u017b NIEBAWEM <img loading=\"lazy\" decoding=\"async\" height=\"16\" width=\"16\" alt=\"\ud83d\ude42\" src=\"https:\/\/static.xx.fbcdn.net\/images\/emoji.php\/v9\/t4c\/1\/16\/1f642.png\"><\/p>\n\n\n\n<hr class=\"wp-block-separator has-alpha-channel-opacity\"\/>\n\n\n\n<p class=\"has-text-align-center\"><strong>Serdecznie zapraszamy na BAL ABSOLWENTA<\/strong><\/p>\n\n\n\n<p><strong>Nieoficjalna cz\u0119\u015b\u0107, dedykowana absolwentom I LO i ich go\u015bciom oraz nauczycielom.<\/strong><\/p>\n\n\n\n<p><img loading=\"lazy\" decoding=\"async\" height=\"16\" width=\"16\" src=\"https:\/\/static.xx.fbcdn.net\/images\/emoji.php\/v9\/t51\/1\/16\/1f449.png\" alt=\"\ud83d\udc49\"> Termin 6.09.2025 r. godz. 19.00 \u2013 2.00<\/p>\n\n\n\n<p><img loading=\"lazy\" decoding=\"async\" height=\"16\" width=\"16\" alt=\"\ud83d\udc49\" src=\"https:\/\/static.xx.fbcdn.net\/images\/emoji.php\/v9\/t51\/1\/16\/1f449.png\"> Miejsce: Sale Radisson Hotel Group<\/p>\n\n\n\n<p><strong><img loading=\"lazy\" decoding=\"async\" height=\"16\" width=\"16\" src=\"https:\/\/static.xx.fbcdn.net\/images\/emoji.php\/v9\/t51\/1\/16\/1f449.png\" alt=\"\ud83d\udc49\"> Koszt: za osob\u0119 325 z\u0142. (tyle samo za osob\u0119 towarzysz\u0105c\u0105) <\/strong><\/p>\n\n\n\n<p><img loading=\"lazy\" decoding=\"async\" height=\"16\" width=\"16\" alt=\"\u203c\ufe0f\" src=\"https:\/\/static.xx.fbcdn.net\/images\/emoji.php\/v9\/t77\/1\/16\/203c.png\"> Wp\u0142at nale\u017cy dokona\u0107 na konto PKO BP SA Oddzia\u0142 4 w Szczecinie Jedynka Stowarzyszenie im. Janiny Szczerskiej przy I Liceum Og\u00f3lnokszta\u0142c\u0105cym al. Piast\u00f3w 12, 70-331 Szczecin<\/p>\n\n\n\n<p>Nr <a><\/a>rachunku: 74 1440 1387 0000 0000 1247 8542<\/p>\n\n\n\n<p>z dopiskiem Bal Absolwent\u00f3w, imi\u0119 i nazwisko.<\/p>\n\n\n\n<p><strong><img loading=\"lazy\" decoding=\"async\" height=\"16\" width=\"16\" src=\"https:\/\/static.xx.fbcdn.net\/images\/emoji.php\/v9\/t51\/1\/16\/1f449.png\" alt=\"\ud83d\udc49\"> Termin wp\u0142at: do ko\u0144ca czerwca 2025 r.<\/strong><\/p>\n\n\n\n<p>W ofercie: sale klimatyzowane, dania serwowane do sto\u0142u, dania ciep\u0142e, przek\u0105ski zimne w formie bufetu, desery, pakiet napoi.<br><\/p>\n\n\n\n<p><\/p>\n\n\n\n<details class=\"wp-block-details is-layout-flow wp-block-details-is-layout-flow\"><summary><\/summary>\n<p><\/p>\n<\/details>\n","protected":false},"excerpt":{"rendered":"<p>Szanowni Absolwenci Powoli domykamy sprawy organizacyjne zwi\u0105zane z Balem Absolwent\u00f3w z okazji 80-lecia I LO. Osoby, kt\u00f3re chcia\u0142yby uczestniczy\u0107 w Balu, mog\u0105 jeszcze dokonywa\u0107 wp\u0142at do 20 sierpnia Bardzo prosimy osoby, kt\u00f3re dokona\u0142y ju\u017c wp\u0142aty na Bal, aby poda\u0142y za pomoc\u0105: e-mial: lo1@miasto.szczecin.pl lub telefonicznie &#8211; 91 484 18 72 &#8211; rok uko\u0144czenia szko\u0142y. Nie [&hellip;]<\/p>\n","protected":false},"author":1,"featured_media":0,"parent":6738,"menu_order":3,"comment_status":"closed","ping_status":"closed","template":"","meta":{"footnotes":""},"class_list":["post-6747","page","type-page","status-publish","hentry"],"_links":{"self":[{"href":"https:\/\/lo1.szczecin.pl\/index.php\/wp-json\/wp\/v2\/pages\/6747","targetHints":{"allow":["GET"]}}],"collection":[{"href":"https:\/\/lo1.szczecin.pl\/index.php\/wp-json\/wp\/v2\/pages"}],"about":[{"href":"https:\/\/lo1.szczecin.pl\/index.php\/wp-json\/wp\/v2\/types\/page"}],"author":[{"embeddable":true,"href":"https:\/\/lo1.szczecin.pl\/index.php\/wp-json\/wp\/v2\/users\/1"}],"replies":[{"embeddable":true,"href":"https:\/\/lo1.szczecin.pl\/index.php\/wp-json\/wp\/v2\/comments?post=6747"}],"version-history":[{"count":7,"href":"https:\/\/lo1.szczecin.pl\/index.php\/wp-json\/wp\/v2\/pages\/6747\/revisions"}],"predecessor-version":[{"id":7661,"href":"https:\/\/lo1.szczecin.pl\/index.php\/wp-json\/wp\/v2\/pages\/6747\/revisions\/7661"}],"up":[{"embeddable":true,"href":"https:\/\/lo1.szczecin.pl\/index.php\/wp-json\/wp\/v2\/pages\/6738"}],"wp:attachment":[{"href":"https:\/\/lo1.szczecin.pl\/index.php\/wp-json\/wp\/v2\/media?parent=6747"}],"curies":[{"name":"wp","href":"https:\/\/api.w.org\/{rel}","templated":true}]}}