{"id":72,"date":"2017-02-07T12:38:00","date_gmt":"2017-02-07T11:38:00","guid":{"rendered":"http:\/\/serwer1646903.home.pl\/lo1\/?page_id=72"},"modified":"2024-09-02T13:20:11","modified_gmt":"2024-09-02T11:20:11","slug":"pomoc-materialna","status":"publish","type":"page","link":"https:\/\/lo1.szczecin.pl\/index.php\/dla-rodzicow\/pomoc-materialna\/","title":{"rendered":"Stypendia socjalne"},"content":{"rendered":"\n<p><strong>Stypendia socjalne i wyprawka szkolna <\/strong><\/p>\n\n\n\n<h2 class=\"wp-block-heading\">Stypendium szkolne oraz zasi\u0142ek szkolny<\/h2>\n\n\n\n<h3 class=\"wp-block-heading\">Stypendium szkolne<\/h3>\n\n\n\n<p>Udzielanie \u015bwiadcze\u0144 pomocy materialnej dla uczni\u00f3w <strong>o charakterze socjalnym<\/strong> stanowi zadanie w\u0142asne gminy, na realizacj\u0119 kt\u00f3rego gmina otrzymuje dofinansowanie z bud\u017cetu pa\u0144stwa (art. 90r ust. 1 ustawy z dnia 7 wrze\u015bnia 1991 r. o systemie o\u015bwiaty). Ministerstwo Edukacji Narodowej wype\u0142niaj\u0105c zadanie dotycz\u0105ce udzielania pomocy materialnej dla uczni\u00f3w w formie stypendi\u00f3w szkolnych i zasi\u0142k\u00f3w szkolnych opiera si\u0119 na \u015brodkach rezerwy celowej bud\u017cetu pa\u0144stwa, kt\u00f3ra zwi\u0119ksza \u015brodki na pomoc materialn\u0105 realizowan\u0105 przez gminy.<\/p>\n\n\n\n<p>Wysoko\u015b\u0107 stypendium wyp\u0142acanego uczniowi wynosi od&nbsp; 99,20 z\u0142 do 248,00 z\u0142 miesi\u0119cznie i&nbsp;mo\u017ce by\u0107 wyp\u0142acone od jednego do dziesi\u0119ciu miesi\u0119cy w danym roku szkolnym. Doch\u00f3d uprawniaj\u0105cy do ubiegania si\u0119 w stypendium szkolne wynosi\u0142 600 z\u0142\/netto na osob\u0119 w rodzinie. Wysoko\u015b\u0107 ww. kwoty&nbsp; wyliczana jest na podstawie ustawy o pomocy spo\u0142ecznej i wskazana jest w art. 90d ust. 7 ustawy o systemie o\u015bwiaty.<\/p>\n\n\n\n<p>W art. 90d ustawy z dnia 7 wrze\u015bnia 1991 r. o systemie o\u015bwiaty (Dz. U. z 2022&nbsp; r., poz. 2030) okre\u015blono, \u017ce:<\/p>\n\n\n\n<ol class=\"wp-block-list\">\n<li>Stypendium szkolne mo\u017ce otrzyma\u0107 ucze\u0144 znajduj\u0105cy si\u0119 w trudnej sytuacji materialnej, wynikaj\u0105cej z niskich dochod\u00f3w na osob\u0119 w rodzinie, w szczeg\u00f3lno\u015bci gdy w rodzinie tej wyst\u0119puje: bezrobocie, niepe\u0142nosprawno\u015b\u0107, ci\u0119\u017cka lub d\u0142ugotrwa\u0142a choroba, wielodzietno\u015b\u0107, brak umiej\u0119tno\u015bci wype\u0142niania funkcji opieku\u0144czo-wychowawczych, alkoholizm lub narkomania, a tak\u017ce gdy rodzina jest niepe\u0142na lub wyst\u0105pi\u0142o zdarzenie losowe,[\u2026].<\/li>\n\n\n\n<li>Stypendium szkolne mo\u017ce by\u0107 udzielane uczniom w formie:\n<ol class=\"wp-block-list\">\n<li>ca\u0142kowitego lub cz\u0119\u015bciowego pokrycia koszt\u00f3w udzia\u0142u w zaj\u0119ciach edukacyjnych, w tym wyr\u00f3wnawczych, wykraczaj\u0105cych poza zaj\u0119cia realizowane w szkole w ramach planu nauczania, a tak\u017ce udzia\u0142u w zaj\u0119ciach edukacyjnych realizowanych poza szko\u0142\u0105;<\/li>\n\n\n\n<li>pomocy rzeczowej o charakterze edukacyjnym, w tym w szczeg\u00f3lno\u015bci zakupu podr\u0119cznik\u00f3w.<\/li>\n<\/ol>\n<\/li>\n<\/ol>\n\n\n\n<p>Szczeg\u00f3\u0142owe rozwi\u0105zania prawne dotycz\u0105ce realizacji pomocy dla uczni\u00f3w na terenie danej gminy musz\u0105 znajdowa\u0107 si\u0119 w <strong>gminnym regulaminie pomocy materialnej o charakterze socjalnym<\/strong>, w kt\u00f3rym okre\u015bla si\u0119:<\/p>\n\n\n\n<ol class=\"wp-block-list\">\n<li>spos\u00f3b ustalania wysoko\u015bci stypendium szkolnego w zale\u017cno\u015bci od sytuacji materialnej uczni\u00f3w i ich rodzin oraz innych okoliczno\u015bci, o kt\u00f3rych mowa w art. 90d ust. 1 ustawy z dnia 7 wrze\u015bnia 1991 r. o systemie o\u015bwiaty (Dz.U. z 2022 r. poz. 2230);<\/li>\n\n\n\n<li>formy, w jakich udziela si\u0119 stypendium szkolnego w zale\u017cno\u015bci od potrzeb uczni\u00f3w zamieszka\u0142ych na terenie gminy;<\/li>\n\n\n\n<li>tryb i spos\u00f3b udzielania stypendium szkolnego;<\/li>\n\n\n\n<li>tryb i spos\u00f3b udzielania zasi\u0142ku szkolnego w zale\u017cno\u015bci od zdarzenia losowego.<\/li>\n<\/ol>\n\n\n\n<p>Termin sk\u0142adania wniosk\u00f3w o pomoc w formie stypendium szkolnego up\u0142ywa <strong>z dniem 15 wrze\u015bnia br.<\/strong> W uzasadnionych przypadkach, wniosek o przyznanie stypendium szkolnego mo\u017ce by\u0107 z\u0142o\u017cony po up\u0142ywie tego terminu.<\/p>\n\n\n\n<h3 class=\"wp-block-heading\">Zasi\u0142ek szkolny<\/h3>\n\n\n\n<p>Zasi\u0142ek to forma pomocy materialnej o charakterze socjalnym. Takie \u015bwiadczenie przys\u0142uguje uczniom, kt\u00f3rzy znajduj\u0105 si\u0119 przej\u015bciowo w trudnej sytuacji materialnej z powodu zdarzenia losowego, np. kt\u00f3rych sytuacja materialna uleg\u0142a pogorszeniu i z powodu \u015bmierci rodzica.<\/p>\n\n\n\n<p>Zasi\u0142ek szkolny mo\u017ce by\u0107 przyznawany w formie \u015bwiadczenia pieni\u0119\u017cnego na pokrycie wydatk\u00f3w zwi\u0105zanych z procesem edukacyjnym lub w formie pomocy rzeczowej o charakterze edukacyjnym. Zasi\u0142ek szkolny mo\u017ce by\u0107 przyznawany raz lub kilka razy w ci\u0105gu roku, niezale\u017cnie od otrzymywanego stypendium szkolnego. Zasi\u0142ek szkolny nie mo\u017ce przekroczy\u0107 jednorazowo pi\u0119ciokrotno\u015bci kwoty\u00a0zasi\u0142ku rodzinnego, przys\u0142uguj\u0105cego na dziecko w wieku 5-18 lat, okre\u015blanego w art. 6 ust. 2 pkt 2 ustawy z dnia 28 listopada 2003 roku o \u015bwiadczeniach rodzinnych.<\/p>\n\n\n\n<p><br><strong>W razie pyta\u0144 prosimy o kontakt z pedagogiem \u2013 Aneta Krawiec<\/strong><br> <img loading=\"lazy\" decoding=\"async\" width=\"16\" height=\"16\" src=\"https:\/\/static.xx.fbcdn.net\/images\/emoji.php\/v9\/ta9\/1.5\/16\/260e.png\" alt=\"\u260e\ufe0f\"> tel. bezpo\u015bredni <strong>(91) 48 46 007<\/strong><\/p>\n\n\n\n<p><strong>\u201eWyprawka szkolna\u201d.<\/strong> <br>Celem inicjatywy jest pomoc uczniom z niepe\u0142nosprawno\u015bci\u0105 ucz\u0119szczaj\u0105cym do szk\u00f3\u0142 ponadpodstawowych, w tym\u00a0<strong>m\u0142odzie\u017cy z orzeczeniem o potrzebie kszta\u0142cenia specjalnego, ucz\u0105cej si\u0119 w szko\u0142ach przysposabiaj\u0105cych do pracy<\/strong>. Jest to okazja do uzyskania dofinansowania na podr\u0119czniki oraz przydatne materia\u0142y edukacyjne i \u0107wiczeniowe, kt\u00f3re u\u0142atwi\u0105 uczniom zdobycie zawodu. <\/p>\n\n\n\n<p><strong>Kto mo\u017ce si\u0119 stara\u0107 o uzyskanie dofinansowania?<br><br><\/strong>Wniosek o udzielenie pomocy finansowej w ramach programu mo\u017ce z\u0142o\u017cy\u0107:<br>a) rodzic lub opiekun prawny ucznia z niepe\u0142nosprawno\u015bci\u0105 \u2013 w tym z niepe\u0142nosprawno\u015bci\u0105 intelektualn\u0105 w stopniu umiarkowanym lub znacznym lub z niepe\u0142nosprawno\u015bciami sprz\u0119\u017conymi \u2013 b\u0105d\u017a pe\u0142noletni ucze\u0144,<br>b) nauczyciel, pracownik socjalny lub inna osoba \u2013 za zgod\u0105 rodzica lub opiekuna prawnego ucznia b\u0105d\u017a pe\u0142noletniego ucznia z niepe\u0142nosprawno\u015bci\u0105.<\/p>\n\n\n\n<p><strong>&nbsp;&nbsp;&nbsp;&nbsp;&nbsp;&nbsp;&nbsp;&nbsp;&nbsp;&nbsp;&nbsp;&nbsp;&nbsp;&nbsp;&nbsp;&nbsp;&nbsp;&nbsp;&nbsp;&nbsp;&nbsp;&nbsp;&nbsp;&nbsp;&nbsp;&nbsp;&nbsp;&nbsp;&nbsp;&nbsp;&nbsp;&nbsp;&nbsp;&nbsp;&nbsp;&nbsp;&nbsp;&nbsp;&nbsp;&nbsp;&nbsp;&nbsp;&nbsp;&nbsp;&nbsp;&nbsp;&nbsp;&nbsp;<\/strong><\/p>\n","protected":false},"excerpt":{"rendered":"<p>Stypendia socjalne i wyprawka szkolna Stypendium szkolne oraz zasi\u0142ek szkolny Stypendium szkolne Udzielanie \u015bwiadcze\u0144 pomocy materialnej dla uczni\u00f3w o charakterze socjalnym stanowi zadanie w\u0142asne gminy, na realizacj\u0119 kt\u00f3rego gmina otrzymuje dofinansowanie z bud\u017cetu pa\u0144stwa (art. 90r ust. 1 ustawy z dnia 7 wrze\u015bnia 1991 r. o systemie o\u015bwiaty). Ministerstwo Edukacji Narodowej wype\u0142niaj\u0105c zadanie dotycz\u0105ce udzielania [&hellip;]<\/p>\n","protected":false},"author":1,"featured_media":0,"parent":12,"menu_order":3,"comment_status":"closed","ping_status":"closed","template":"","meta":{"footnotes":""},"class_list":["post-72","page","type-page","status-publish","hentry"],"_links":{"self":[{"href":"https:\/\/lo1.szczecin.pl\/index.php\/wp-json\/wp\/v2\/pages\/72","targetHints":{"allow":["GET"]}}],"collection":[{"href":"https:\/\/lo1.szczecin.pl\/index.php\/wp-json\/wp\/v2\/pages"}],"about":[{"href":"https:\/\/lo1.szczecin.pl\/index.php\/wp-json\/wp\/v2\/types\/page"}],"author":[{"embeddable":true,"href":"https:\/\/lo1.szczecin.pl\/index.php\/wp-json\/wp\/v2\/users\/1"}],"replies":[{"embeddable":true,"href":"https:\/\/lo1.szczecin.pl\/index.php\/wp-json\/wp\/v2\/comments?post=72"}],"version-history":[{"count":9,"href":"https:\/\/lo1.szczecin.pl\/index.php\/wp-json\/wp\/v2\/pages\/72\/revisions"}],"predecessor-version":[{"id":7010,"href":"https:\/\/lo1.szczecin.pl\/index.php\/wp-json\/wp\/v2\/pages\/72\/revisions\/7010"}],"up":[{"embeddable":true,"href":"https:\/\/lo1.szczecin.pl\/index.php\/wp-json\/wp\/v2\/pages\/12"}],"wp:attachment":[{"href":"https:\/\/lo1.szczecin.pl\/index.php\/wp-json\/wp\/v2\/media?parent=72"}],"curies":[{"name":"wp","href":"https:\/\/api.w.org\/{rel}","templated":true}]}}