{"id":7610,"date":"2025-06-16T12:24:20","date_gmt":"2025-06-16T10:24:20","guid":{"rendered":"https:\/\/lo1.szczecin.pl\/?page_id=7610"},"modified":"2025-06-16T12:29:42","modified_gmt":"2025-06-16T10:29:42","slug":"comenius","status":"publish","type":"page","link":"https:\/\/lo1.szczecin.pl\/index.php\/wspolpraca-zagraniczna\/comenius\/","title":{"rendered":"\u00a0Comenius"},"content":{"rendered":"\n<h3 class=\"wp-block-heading\"><strong>Program europejski COMENIUS &nbsp;2008-2010 &nbsp;&nbsp;<a href=\"http:\/\/serwer1646903.home.pl\/lo1\/wp-content\/uploads\/2017\/02\/Program-Comenius.pdf\">POBIERZ<\/a><\/strong><\/h3>\n\n\n\n<p><strong>Szko\u0142y partnerskie<\/strong><\/p>\n\n\n\n<p><strong><a href=\"http:\/\/www.carolinum.de\/\">Gymnasium Carolinum z Neustrelitz<\/a><\/strong> &#8211; <strong>Niemcy<\/strong><\/p>\n\n\n\n<p><strong><a href=\"http:\/\/sgy.dk\/\">St\u00f8vring Gymnasium ze St\u00f8vring<\/a><\/strong> <strong>&#8211; Dania<\/strong><\/p>\n\n\n\n<p><strong><a href=\"http:\/\/www.deutscheschule.no\/\">Deutsche Schule z Oslo<\/a><\/strong> <strong>&#8211; Oslo<\/strong><\/p>\n\n\n\n<hr class=\"wp-block-separator has-alpha-channel-opacity\"\/>\n\n\n\n<h3 class=\"wp-block-heading\"><strong>Program europejski COMENIUS 2010-2012<\/strong><\/h3>\n\n\n\n<p><strong>Szko\u0142y partnerskie<\/strong><\/p>\n\n\n\n<hr class=\"wp-block-separator has-alpha-channel-opacity\"\/>\n\n\n\n<h3 class=\"wp-block-heading\"><strong>Program europejski COMENIUS 2012-2014<\/strong><\/h3>\n\n\n\n<p><strong><a href=\"http:\/\/comenius.carolinum.de\/4\/index_4.html\">Pe\u0142en opis projektu<\/a><\/strong><\/p>\n\n\n\n<p><strong>Szko\u0142y patnerskie<\/strong><\/p>\n\n\n\n<p><strong><a href=\"http:\/\/www.carolinum.de\/\">Gymnasium Carolinum z Neustrelitz<\/a><\/strong> <strong>&#8211; Niemcy<\/strong><\/p>\n\n\n\n<p><strong><a href=\"http:\/\/www.tampere.fi\/en\/index.html\">Hatanpaeaen lukio z Tampere<\/a><\/strong> <strong>&#8211; Finlandia<\/strong><\/p>\n\n\n\n<p><strong><a href=\"http:\/\/www.gpeano.org\/\">Liceo Scientific Statale Giuseppe Peano z Cuneo<\/a><\/strong> <strong>&#8211; W\u0142ochy<\/strong><\/p>\n\n\n\n<p><strong><a href=\"http:\/\/4vsk.ventspils.lv\/\">Vidusskola z Ventspils<\/a><\/strong> <strong>&#8211; \u0141otwa<\/strong><\/p>\n\n\n\n<p><\/p>\n","protected":false},"excerpt":{"rendered":"<p>Program europejski COMENIUS &nbsp;2008-2010 &nbsp;&nbsp;POBIERZ Szko\u0142y partnerskie Gymnasium Carolinum z Neustrelitz &#8211; Niemcy St\u00f8vring Gymnasium ze St\u00f8vring &#8211; Dania Deutsche Schule z Oslo &#8211; Oslo Program europejski COMENIUS 2010-2012 Szko\u0142y partnerskie Program europejski COMENIUS 2012-2014 Pe\u0142en opis projektu Szko\u0142y patnerskie Gymnasium Carolinum z Neustrelitz &#8211; Niemcy Hatanpaeaen lukio z Tampere &#8211; Finlandia Liceo Scientific Statale [&hellip;]<\/p>\n","protected":false},"author":1,"featured_media":0,"parent":7565,"menu_order":0,"comment_status":"closed","ping_status":"closed","template":"","meta":{"footnotes":""},"class_list":["post-7610","page","type-page","status-publish","hentry"],"_links":{"self":[{"href":"https:\/\/lo1.szczecin.pl\/index.php\/wp-json\/wp\/v2\/pages\/7610","targetHints":{"allow":["GET"]}}],"collection":[{"href":"https:\/\/lo1.szczecin.pl\/index.php\/wp-json\/wp\/v2\/pages"}],"about":[{"href":"https:\/\/lo1.szczecin.pl\/index.php\/wp-json\/wp\/v2\/types\/page"}],"author":[{"embeddable":true,"href":"https:\/\/lo1.szczecin.pl\/index.php\/wp-json\/wp\/v2\/users\/1"}],"replies":[{"embeddable":true,"href":"https:\/\/lo1.szczecin.pl\/index.php\/wp-json\/wp\/v2\/comments?post=7610"}],"version-history":[{"count":2,"href":"https:\/\/lo1.szczecin.pl\/index.php\/wp-json\/wp\/v2\/pages\/7610\/revisions"}],"predecessor-version":[{"id":7613,"href":"https:\/\/lo1.szczecin.pl\/index.php\/wp-json\/wp\/v2\/pages\/7610\/revisions\/7613"}],"up":[{"embeddable":true,"href":"https:\/\/lo1.szczecin.pl\/index.php\/wp-json\/wp\/v2\/pages\/7565"}],"wp:attachment":[{"href":"https:\/\/lo1.szczecin.pl\/index.php\/wp-json\/wp\/v2\/media?parent=7610"}],"curies":[{"name":"wp","href":"https:\/\/api.w.org\/{rel}","templated":true}]}}