{"id":91,"date":"2017-02-07T12:45:19","date_gmt":"2017-02-07T11:45:19","guid":{"rendered":"http:\/\/serwer1646903.home.pl\/lo1\/?page_id=91"},"modified":"2017-02-25T00:50:19","modified_gmt":"2017-02-24T23:50:19","slug":"wolontariat","status":"publish","type":"page","link":"https:\/\/lo1.szczecin.pl\/index.php\/dzialalnosc\/wolontariat\/","title":{"rendered":"Wolontariat"},"content":{"rendered":"<h3><strong>Szkolne Ko\u0142o Wolontariatu w I LO<\/strong><\/h3>\n<hr>\n<p style=\"text-align: center;\"><strong>Organizujemy zbi\u00f3rki charytatywne w kt\u00f3rych k\u0142adziemy nacisk na poczucie odpowiedzialno\u015bci za podj\u0119te zobowi\u0105zania. Uwra\u017cliwiamy na specyficzne potrzeby cz\u0142onk\u00f3w naszej spo\u0142eczno\u015bci. Uczniowie uczestnicz\u0105 w pracach wolontariackich szczeci\u0144skich hospicj\u00f3w i Domu Kombatanta. Pracuj\u0105 z dzie\u0107mi w \u015bwietlicy \u015brodowiskowej, a tak\u017ce indywidualnie. Bior\u0105 udzia\u0142 w zbi\u00f3rkach charytatywnych (np. dzieci obj\u0119te opiek\u0105 przez dan\u0105 klas\u0119 w ramach programu &#8222;Skrzyd\u0142a&#8221;). Uczestnicz\u0105 tak\u017ce w spotkaniach i warsztatach przygotowuj\u0105cych do pracy wolontariackiej. Niekt\u00f3rzy staj\u0105 si\u0119 lokalnymi liderami wolontariatu.<\/strong><\/p>\n<h3 style=\"text-align: center;\">Program Szkolnego Ko\u0142a Wolontariatu &nbsp;<a href=\"http:\/\/serwer1646903.home.pl\/lo1\/wp-content\/uploads\/2017\/02\/program-wolontariatu-I-LO-1.pdf\">POBIERZ<\/a><\/h3>\n<hr>\n<h3 style=\"text-align: left;\"><strong>Program edukacyjny &#8222;Od idei si\u0119 zaczyna&#8221;<\/strong><\/h3>\n<p><strong>POMYS\u0141ODAWCA:<\/strong> <a href=\"http:\/\/www.fundacja-dom-rodzinny.org.pl\/\">Fundacja Dom Rodzinny w \u0141ysog\u00f3rkach<\/a>&nbsp;<\/p>\n<p><strong>PARTNER:<\/strong> Dyrekcja i grono pedagogiczne I Liceum Og\u00f3lnokszta\u0142c\u0105cego w Szczecinie&nbsp;<\/p>\n<p><strong>GRUPA DOCELOWA:<\/strong> M\u0142odzie\u017c klas pierwszych i drugich kolejnych rocznik\u00f3w I Liceum Og\u00f3lnokszta\u0142c\u0105cego w Szczecinie.&nbsp;<\/p>\n<hr>\n<h3><strong>Wampiriada<\/strong><\/h3>\n<p>We wsp\u00f3\u0142pracy z Niezale\u017cnym Zrzeszeniem Student\u00f3w w Warszawie organizujemy co kwarta\u0142 kolejne edycje akcji oddawania krwi pn. &#8222;Wampiriada&#8221;. W ramach akcji odbywaj\u0105 si\u0119 spotkania informacyjne i propaguj\u0105ce zdrowy tryb \u017cycia. Mo\u017cliwo\u015b\u0107 bycia honorowym krwiodawc\u0105 sta\u0142a si\u0119 w szkole oznak\u0105 zdrowego snobizmu.Wsp\u00f3\u0142pracujemy z&nbsp;Regionalnym Centrum Krwiodawstwa i Krwiolecznictwa w Szczecinie,&nbsp;Polskim Czerwonym Krzy\u017cem, Zachodniopomorski Zarz\u0105d Okr\u0119gowy w Szczecinie,&nbsp;Niezale\u017cnym Zrzeszeniem Student\u00f3w w Warszawie<\/p>\n<p><img decoding=\"async\" class=\"alignleft\" src=\"http:\/\/lo1.szczecin.pl\/files\/wolontariat\/rckik.gif\"><img loading=\"lazy\" decoding=\"async\" class=\"alignnone\" src=\"http:\/\/lo1.szczecin.pl\/files\/wolontariat\/pck.gif\" width=\"128\" height=\"128\"><img loading=\"lazy\" decoding=\"async\" class=\"alignnone\" src=\"http:\/\/lo1.szczecin.pl\/files\/wolontariat\/nzs.gif\" width=\"228\" height=\"85\"><\/p>\n<p>&nbsp;<\/p>\n<hr>\n<p><strong>Wsp\u00f3\u0142pracujemy mi\u0119dzy innymi z:<\/strong><\/p>\n<p style=\"text-align: left;\"><strong>Caritas Archidiecezji Szczeci\u0144sko-Kamie\u0144skiej &nbsp; &nbsp; &nbsp; &nbsp; &nbsp; &nbsp; &nbsp; &nbsp; &nbsp; &nbsp; &nbsp; Dom Kombatanta w Szczecinie<br \/>\n<\/strong><\/p>\n<p style=\"text-align: left;\"><img loading=\"lazy\" decoding=\"async\" class=\"wp-image-655 alignleft\" src=\"http:\/\/serwer1646903.home.pl\/lo1\/wp-content\/uploads\/2017\/02\/caritas.gif\" alt=\"\" width=\"97\" height=\"121\"><\/p>\n<p><img loading=\"lazy\" decoding=\"async\" class=\"wp-image-656 aligncenter\" src=\"http:\/\/serwer1646903.home.pl\/lo1\/wp-content\/uploads\/2017\/02\/dps.gif\" alt=\"\" width=\"93\" height=\"128\"><strong>Fundacja &#8222;Mam marzenie&#8221; oddzia\u0142 w Szczecinie &nbsp; &nbsp; &nbsp; &nbsp; Hospicjum \u015aw. Jana Ewangelisty w Szczecinie<\/strong><\/p>\n<p><img loading=\"lazy\" decoding=\"async\" class=\"wp-image-657 alignleft\" src=\"http:\/\/serwer1646903.home.pl\/lo1\/wp-content\/uploads\/2017\/02\/fmm.gif\" alt=\"\" width=\"166\" height=\"107\"><\/p>\n<p><img loading=\"lazy\" decoding=\"async\" class=\"wp-image-658 aligncenter\" src=\"http:\/\/serwer1646903.home.pl\/lo1\/wp-content\/uploads\/2017\/02\/hse.gif\" alt=\"\" width=\"142\" height=\"138\"><\/p>\n<p><strong>Stowarzyszenie POLITES&#8221; w Szczecinie &nbsp; &nbsp; &nbsp; &nbsp;\u015awietlica &#8222;Pod Anio\u0142em&#8221; w Szczecinie &nbsp; &nbsp; &nbsp; Zachodniopomorskie Hospicjum dla Dzieci w Szczecinie<\/strong><\/p>\n<p><img loading=\"lazy\" decoding=\"async\" class=\"wp-image-660 alignleft\" src=\"http:\/\/serwer1646903.home.pl\/lo1\/wp-content\/uploads\/2017\/02\/polites.gif\" alt=\"\" width=\"147\" height=\"155\"><\/p>\n<p><img loading=\"lazy\" decoding=\"async\" class=\"wp-image-661 alignnone\" src=\"http:\/\/serwer1646903.home.pl\/lo1\/wp-content\/uploads\/2017\/02\/spa.jpg\" alt=\"\" width=\"205\" height=\"137\" srcset=\"https:\/\/lo1.szczecin.pl\/wp-content\/uploads\/2017\/02\/spa.jpg 396w, https:\/\/lo1.szczecin.pl\/wp-content\/uploads\/2017\/02\/spa-300x201.jpg 300w\" sizes=\"auto, (max-width: 205px) 100vw, 205px\" \/><img loading=\"lazy\" decoding=\"async\" class=\"wp-image-662 alignnone\" src=\"http:\/\/serwer1646903.home.pl\/lo1\/wp-content\/uploads\/2017\/02\/zhdd.gif\" alt=\"\" width=\"170\" height=\"161\"><\/p>\n<p>&nbsp;<\/p>\n","protected":false},"excerpt":{"rendered":"<p>Szkolne Ko\u0142o Wolontariatu w I LO Organizujemy zbi\u00f3rki charytatywne w kt\u00f3rych k\u0142adziemy nacisk na poczucie odpowiedzialno\u015bci za podj\u0119te zobowi\u0105zania. Uwra\u017cliwiamy na specyficzne potrzeby cz\u0142onk\u00f3w naszej spo\u0142eczno\u015bci. Uczniowie uczestnicz\u0105 w pracach wolontariackich szczeci\u0144skich hospicj\u00f3w i Domu Kombatanta. Pracuj\u0105 z dzie\u0107mi w \u015bwietlicy \u015brodowiskowej, a tak\u017ce indywidualnie. Bior\u0105 udzia\u0142 w zbi\u00f3rkach charytatywnych (np. dzieci obj\u0119te opiek\u0105 przez [&hellip;]<\/p>\n","protected":false},"author":1,"featured_media":0,"parent":87,"menu_order":1,"comment_status":"closed","ping_status":"closed","template":"","meta":{"footnotes":""},"class_list":["post-91","page","type-page","status-publish","hentry"],"_links":{"self":[{"href":"https:\/\/lo1.szczecin.pl\/index.php\/wp-json\/wp\/v2\/pages\/91","targetHints":{"allow":["GET"]}}],"collection":[{"href":"https:\/\/lo1.szczecin.pl\/index.php\/wp-json\/wp\/v2\/pages"}],"about":[{"href":"https:\/\/lo1.szczecin.pl\/index.php\/wp-json\/wp\/v2\/types\/page"}],"author":[{"embeddable":true,"href":"https:\/\/lo1.szczecin.pl\/index.php\/wp-json\/wp\/v2\/users\/1"}],"replies":[{"embeddable":true,"href":"https:\/\/lo1.szczecin.pl\/index.php\/wp-json\/wp\/v2\/comments?post=91"}],"version-history":[{"count":13,"href":"https:\/\/lo1.szczecin.pl\/index.php\/wp-json\/wp\/v2\/pages\/91\/revisions"}],"predecessor-version":[{"id":932,"href":"https:\/\/lo1.szczecin.pl\/index.php\/wp-json\/wp\/v2\/pages\/91\/revisions\/932"}],"up":[{"embeddable":true,"href":"https:\/\/lo1.szczecin.pl\/index.php\/wp-json\/wp\/v2\/pages\/87"}],"wp:attachment":[{"href":"https:\/\/lo1.szczecin.pl\/index.php\/wp-json\/wp\/v2\/media?parent=91"}],"curies":[{"name":"wp","href":"https:\/\/api.w.org\/{rel}","templated":true}]}}